{"id":969,"date":"2023-06-28T22:18:04","date_gmt":"2023-06-29T01:18:04","guid":{"rendered":"https:\/\/agenciachuvaweb.com\/gotapura\/?post_type=product&#038;p=969"},"modified":"2023-06-28T22:22:10","modified_gmt":"2023-06-29T01:22:10","slug":"filtro-de-carvao","status":"publish","type":"product","link":"https:\/\/gotapura.com\/?product=filtro-de-carvao","title":{"rendered":"Filtro de Carv\u00e3o"},"content":{"rendered":"","protected":false},"excerpt":{"rendered":"<p>Para melhorar a clareza da \u00e1gua, diminui os odores desagrad\u00e1veis \u200b\u200be remove cloro.<\/p>\n","protected":false},"featured_media":970,"template":"","meta":{"_acf_changed":false},"product_brand":[],"product_cat":[19],"product_tag":[],"class_list":{"0":"post-969","1":"product","2":"type-product","3":"status-publish","4":"has-post-thumbnail","6":"product_cat-filtros","8":"first","9":"instock","10":"shipping-taxable","11":"product-type-simple"},"acf":[],"yoast_head":"<!-- This site is optimized with the Yoast SEO plugin v25.7 - https:\/\/yoast.com\/wordpress\/plugins\/seo\/ -->\n<title>Filtro de Carv\u00e3o - Gota Pura<\/title>\n<meta name=\"robots\" content=\"index, follow, max-snippet:-1, max-image-preview:large, max-video-preview:-1\" \/>\n<link rel=\"canonical\" href=\"https:\/\/gotapura.com\/?product=filtro-de-carvao\" \/>\n<meta property=\"og:locale\" content=\"pt_BR\" \/>\n<meta property=\"og:type\" content=\"article\" \/>\n<meta property=\"og:title\" content=\"Filtro de Carv\u00e3o - Gota Pura\" \/>\n<meta property=\"og:description\" content=\"Para melhorar a clareza da \u00e1gua, diminui os odores desagrad\u00e1veis \u200b\u200be remove cloro.\" \/>\n<meta property=\"og:url\" content=\"https:\/\/gotapura.com\/?product=filtro-de-carvao\" \/>\n<meta property=\"og:site_name\" content=\"Gota Pura\" \/>\n<meta property=\"article:modified_time\" content=\"2023-06-29T01:22:10+00:00\" \/>\n<meta property=\"og:image\" content=\"https:\/\/gotapura.com\/wp-content\/uploads\/2023\/06\/f-5-683x1024.png\" \/>\n\t<meta property=\"og:image:width\" content=\"683\" \/>\n\t<meta property=\"og:image:height\" content=\"1024\" \/>\n\t<meta property=\"og:image:type\" content=\"image\/png\" \/>\n<meta name=\"twitter:card\" content=\"summary_large_image\" \/>\n<script type=\"application\/ld+json\" class=\"yoast-schema-graph\">{\"@context\":\"https:\/\/schema.org\",\"@graph\":[{\"@type\":\"WebPage\",\"@id\":\"https:\/\/gotapura.com\/?product=filtro-de-carvao\",\"url\":\"https:\/\/gotapura.com\/?product=filtro-de-carvao\",\"name\":\"Filtro de Carv\u00e3o - Gota Pura\",\"isPartOf\":{\"@id\":\"https:\/\/gotapura.com\/#website\"},\"primaryImageOfPage\":{\"@id\":\"https:\/\/gotapura.com\/?product=filtro-de-carvao#primaryimage\"},\"image\":{\"@id\":\"https:\/\/gotapura.com\/?product=filtro-de-carvao#primaryimage\"},\"thumbnailUrl\":\"https:\/\/gotapura.com\/wp-content\/uploads\/2023\/06\/f-5.png\",\"datePublished\":\"2023-06-29T01:18:04+00:00\",\"dateModified\":\"2023-06-29T01:22:10+00:00\",\"breadcrumb\":{\"@id\":\"https:\/\/gotapura.com\/?product=filtro-de-carvao#breadcrumb\"},\"inLanguage\":\"pt-BR\",\"potentialAction\":[{\"@type\":\"ReadAction\",\"target\":[\"https:\/\/gotapura.com\/?product=filtro-de-carvao\"]}]},{\"@type\":\"ImageObject\",\"inLanguage\":\"pt-BR\",\"@id\":\"https:\/\/gotapura.com\/?product=filtro-de-carvao#primaryimage\",\"url\":\"https:\/\/gotapura.com\/wp-content\/uploads\/2023\/06\/f-5.png\",\"contentUrl\":\"https:\/\/gotapura.com\/wp-content\/uploads\/2023\/06\/f-5.png\",\"width\":3648,\"height\":5472},{\"@type\":\"BreadcrumbList\",\"@id\":\"https:\/\/gotapura.com\/?product=filtro-de-carvao#breadcrumb\",\"itemListElement\":[{\"@type\":\"ListItem\",\"position\":1,\"name\":\"In\u00edcio\",\"item\":\"https:\/\/gotapura.com\/\"},{\"@type\":\"ListItem\",\"position\":2,\"name\":\"Loja\",\"item\":\"https:\/\/gotapura.com\/?page_id=312\"},{\"@type\":\"ListItem\",\"position\":3,\"name\":\"Filtro de Carv\u00e3o\"}]},{\"@type\":\"WebSite\",\"@id\":\"https:\/\/gotapura.com\/#website\",\"url\":\"https:\/\/gotapura.com\/\",\"name\":\"Gota Pura\",\"description\":\"Filtros de \u00c1gua em Angola - Entrega e Instala\u00e7\u00e3o Gratuita\",\"publisher\":{\"@id\":\"https:\/\/gotapura.com\/#organization\"},\"potentialAction\":[{\"@type\":\"SearchAction\",\"target\":{\"@type\":\"EntryPoint\",\"urlTemplate\":\"https:\/\/gotapura.com\/?s={search_term_string}\"},\"query-input\":{\"@type\":\"PropertyValueSpecification\",\"valueRequired\":true,\"valueName\":\"search_term_string\"}}],\"inLanguage\":\"pt-BR\"},{\"@type\":\"Organization\",\"@id\":\"https:\/\/gotapura.com\/#organization\",\"name\":\"Gota Pura\",\"url\":\"https:\/\/gotapura.com\/\",\"logo\":{\"@type\":\"ImageObject\",\"inLanguage\":\"pt-BR\",\"@id\":\"https:\/\/gotapura.com\/#\/schema\/logo\/image\/\",\"url\":\"https:\/\/gotapura.com\/wp-content\/uploads\/2023\/05\/gota.png\",\"contentUrl\":\"https:\/\/gotapura.com\/wp-content\/uploads\/2023\/05\/gota.png\",\"width\":100,\"height\":100,\"caption\":\"Gota Pura\"},\"image\":{\"@id\":\"https:\/\/gotapura.com\/#\/schema\/logo\/image\/\"}}]}<\/script>\n<!-- \/ Yoast SEO plugin. -->","yoast_head_json":{"title":"Filtro de Carv\u00e3o - Gota Pura","robots":{"index":"index","follow":"follow","max-snippet":"max-snippet:-1","max-image-preview":"max-image-preview:large","max-video-preview":"max-video-preview:-1"},"canonical":"https:\/\/gotapura.com\/?product=filtro-de-carvao","og_locale":"pt_BR","og_type":"article","og_title":"Filtro de Carv\u00e3o - Gota Pura","og_description":"Para melhorar a clareza da \u00e1gua, diminui os odores desagrad\u00e1veis \u200b\u200be remove cloro.","og_url":"https:\/\/gotapura.com\/?product=filtro-de-carvao","og_site_name":"Gota Pura","article_modified_time":"2023-06-29T01:22:10+00:00","og_image":[{"width":683,"height":1024,"url":"https:\/\/gotapura.com\/wp-content\/uploads\/2023\/06\/f-5-683x1024.png","type":"image\/png"}],"twitter_card":"summary_large_image","schema":{"@context":"https:\/\/schema.org","@graph":[{"@type":"WebPage","@id":"https:\/\/gotapura.com\/?product=filtro-de-carvao","url":"https:\/\/gotapura.com\/?product=filtro-de-carvao","name":"Filtro de Carv\u00e3o - Gota Pura","isPartOf":{"@id":"https:\/\/gotapura.com\/#website"},"primaryImageOfPage":{"@id":"https:\/\/gotapura.com\/?product=filtro-de-carvao#primaryimage"},"image":{"@id":"https:\/\/gotapura.com\/?product=filtro-de-carvao#primaryimage"},"thumbnailUrl":"https:\/\/gotapura.com\/wp-content\/uploads\/2023\/06\/f-5.png","datePublished":"2023-06-29T01:18:04+00:00","dateModified":"2023-06-29T01:22:10+00:00","breadcrumb":{"@id":"https:\/\/gotapura.com\/?product=filtro-de-carvao#breadcrumb"},"inLanguage":"pt-BR","potentialAction":[{"@type":"ReadAction","target":["https:\/\/gotapura.com\/?product=filtro-de-carvao"]}]},{"@type":"ImageObject","inLanguage":"pt-BR","@id":"https:\/\/gotapura.com\/?product=filtro-de-carvao#primaryimage","url":"https:\/\/gotapura.com\/wp-content\/uploads\/2023\/06\/f-5.png","contentUrl":"https:\/\/gotapura.com\/wp-content\/uploads\/2023\/06\/f-5.png","width":3648,"height":5472},{"@type":"BreadcrumbList","@id":"https:\/\/gotapura.com\/?product=filtro-de-carvao#breadcrumb","itemListElement":[{"@type":"ListItem","position":1,"name":"In\u00edcio","item":"https:\/\/gotapura.com\/"},{"@type":"ListItem","position":2,"name":"Loja","item":"https:\/\/gotapura.com\/?page_id=312"},{"@type":"ListItem","position":3,"name":"Filtro de Carv\u00e3o"}]},{"@type":"WebSite","@id":"https:\/\/gotapura.com\/#website","url":"https:\/\/gotapura.com\/","name":"Gota Pura","description":"Filtros de \u00c1gua em Angola - Entrega e Instala\u00e7\u00e3o Gratuita","publisher":{"@id":"https:\/\/gotapura.com\/#organization"},"potentialAction":[{"@type":"SearchAction","target":{"@type":"EntryPoint","urlTemplate":"https:\/\/gotapura.com\/?s={search_term_string}"},"query-input":{"@type":"PropertyValueSpecification","valueRequired":true,"valueName":"search_term_string"}}],"inLanguage":"pt-BR"},{"@type":"Organization","@id":"https:\/\/gotapura.com\/#organization","name":"Gota Pura","url":"https:\/\/gotapura.com\/","logo":{"@type":"ImageObject","inLanguage":"pt-BR","@id":"https:\/\/gotapura.com\/#\/schema\/logo\/image\/","url":"https:\/\/gotapura.com\/wp-content\/uploads\/2023\/05\/gota.png","contentUrl":"https:\/\/gotapura.com\/wp-content\/uploads\/2023\/05\/gota.png","width":100,"height":100,"caption":"Gota Pura"},"image":{"@id":"https:\/\/gotapura.com\/#\/schema\/logo\/image\/"}}]}},"_links":{"self":[{"href":"https:\/\/gotapura.com\/index.php?rest_route=\/wp\/v2\/product\/969","targetHints":{"allow":["GET"]}}],"collection":[{"href":"https:\/\/gotapura.com\/index.php?rest_route=\/wp\/v2\/product"}],"about":[{"href":"https:\/\/gotapura.com\/index.php?rest_route=\/wp\/v2\/types\/product"}],"version-history":[{"count":0,"href":"https:\/\/gotapura.com\/index.php?rest_route=\/wp\/v2\/product\/969\/revisions"}],"wp:featuredmedia":[{"embeddable":true,"href":"https:\/\/gotapura.com\/index.php?rest_route=\/wp\/v2\/media\/970"}],"wp:attachment":[{"href":"https:\/\/gotapura.com\/index.php?rest_route=%2Fwp%2Fv2%2Fmedia&parent=969"}],"wp:term":[{"taxonomy":"product_brand","embeddable":true,"href":"https:\/\/gotapura.com\/index.php?rest_route=%2Fwp%2Fv2%2Fproduct_brand&post=969"},{"taxonomy":"product_cat","embeddable":true,"href":"https:\/\/gotapura.com\/index.php?rest_route=%2Fwp%2Fv2%2Fproduct_cat&post=969"},{"taxonomy":"product_tag","embeddable":true,"href":"https:\/\/gotapura.com\/index.php?rest_route=%2Fwp%2Fv2%2Fproduct_tag&post=969"}],"curies":[{"name":"wp","href":"https:\/\/api.w.org\/{rel}","templated":true}]}}