{"id":948,"date":"2023-06-28T21:40:24","date_gmt":"2023-06-29T00:40:24","guid":{"rendered":"https:\/\/agenciachuvaweb.com\/gotapura\/?post_type=product&#038;p=948"},"modified":"2023-07-12T19:40:33","modified_gmt":"2023-07-12T22:40:33","slug":"turbo-5000","status":"publish","type":"product","link":"https:\/\/gotapura.com\/?product=turbo-5000","title":{"rendered":"Turbo 5000"},"content":{"rendered":"<div class=\"layoutArea\">\n<div class=\"column\">\n<p>Aplicac\u0327o\u0303es ou uso em:<\/p>\n<ul>\n<li>\uf0b7 \u00a0Hote\u0301is, Penso\u0303es e Guest Houses<\/li>\n<li>\uf0b7 \u00a0Projectos de abastecimento de a\u0301gua para comunas e munici\u0301pios<\/li>\n<li>\uf0b7 \u00a0Agro Industria<\/li>\n<li>\uf0b7 \u00a0Recintos Desportivos, Centros Culturais e Recreativos<\/li>\n<li>\uf0b7 \u00a0Condomi\u0301nios, Resorts e Estaleiros<\/li>\n<\/ul>\n<\/div>\n<\/div>\n<div class=\"layoutArea\">\n<div class=\"column\">\n<p>\uf0b7 Pre\u0301 tratamento para a\u0301gua de rios ou furos artesianos<\/p>\n<\/div>\n<\/div>\n","protected":false},"excerpt":{"rendered":"<div class=\"page\" title=\"Page 1\">\n<div class=\"layoutArea\">\n<div class=\"column\"><\/div>\n<\/div>\n<div class=\"layoutArea\">\n<div class=\"column\">\n<p>&nbsp;<\/p>\n<\/div>\n<p>Turbo para \u00e1gua turva e barrenta, robusto econ\u00f3mico e eficiente<\/p>\n<\/div>\n<\/div>\n","protected":false},"featured_media":1178,"template":"","meta":{"_acf_changed":false},"product_brand":[],"product_cat":[25],"product_tag":[],"class_list":{"0":"post-948","1":"product","2":"type-product","3":"status-publish","4":"has-post-thumbnail","6":"product_cat-equipamentos-comerciais","8":"first","9":"instock","10":"shipping-taxable","11":"product-type-simple"},"acf":[],"yoast_head":"<!-- This site is optimized with the Yoast SEO plugin v25.7 - https:\/\/yoast.com\/wordpress\/plugins\/seo\/ -->\n<title>Turbo 5000 - Gota Pura<\/title>\n<meta name=\"robots\" content=\"index, follow, max-snippet:-1, max-image-preview:large, max-video-preview:-1\" \/>\n<link rel=\"canonical\" href=\"https:\/\/gotapura.com\/?product=turbo-5000\" \/>\n<meta property=\"og:locale\" content=\"pt_BR\" \/>\n<meta property=\"og:type\" content=\"article\" \/>\n<meta property=\"og:title\" content=\"Turbo 5000 - Gota Pura\" \/>\n<meta property=\"og:description\" content=\"&nbsp;   Turbo para \u00e1gua turva e barrenta, robusto econ\u00f3mico e eficiente\" \/>\n<meta property=\"og:url\" content=\"https:\/\/gotapura.com\/?product=turbo-5000\" \/>\n<meta property=\"og:site_name\" content=\"Gota Pura\" \/>\n<meta property=\"article:modified_time\" content=\"2023-07-12T22:40:33+00:00\" \/>\n<meta property=\"og:image\" content=\"https:\/\/gotapura.com\/wp-content\/uploads\/2023\/06\/5.j-683x1024.png\" \/>\n\t<meta property=\"og:image:width\" content=\"683\" \/>\n\t<meta property=\"og:image:height\" content=\"1024\" \/>\n\t<meta property=\"og:image:type\" content=\"image\/png\" \/>\n<meta name=\"twitter:card\" content=\"summary_large_image\" \/>\n<meta name=\"twitter:label1\" content=\"Est. tempo de leitura\" \/>\n\t<meta name=\"twitter:data1\" content=\"1 minuto\" \/>\n<script type=\"application\/ld+json\" class=\"yoast-schema-graph\">{\"@context\":\"https:\/\/schema.org\",\"@graph\":[{\"@type\":\"WebPage\",\"@id\":\"https:\/\/gotapura.com\/?product=turbo-5000\",\"url\":\"https:\/\/gotapura.com\/?product=turbo-5000\",\"name\":\"Turbo 5000 - Gota Pura\",\"isPartOf\":{\"@id\":\"https:\/\/gotapura.com\/#website\"},\"primaryImageOfPage\":{\"@id\":\"https:\/\/gotapura.com\/?product=turbo-5000#primaryimage\"},\"image\":{\"@id\":\"https:\/\/gotapura.com\/?product=turbo-5000#primaryimage\"},\"thumbnailUrl\":\"https:\/\/gotapura.com\/wp-content\/uploads\/2023\/06\/5.j.png\",\"datePublished\":\"2023-06-29T00:40:24+00:00\",\"dateModified\":\"2023-07-12T22:40:33+00:00\",\"breadcrumb\":{\"@id\":\"https:\/\/gotapura.com\/?product=turbo-5000#breadcrumb\"},\"inLanguage\":\"pt-BR\",\"potentialAction\":[{\"@type\":\"ReadAction\",\"target\":[\"https:\/\/gotapura.com\/?product=turbo-5000\"]}]},{\"@type\":\"ImageObject\",\"inLanguage\":\"pt-BR\",\"@id\":\"https:\/\/gotapura.com\/?product=turbo-5000#primaryimage\",\"url\":\"https:\/\/gotapura.com\/wp-content\/uploads\/2023\/06\/5.j.png\",\"contentUrl\":\"https:\/\/gotapura.com\/wp-content\/uploads\/2023\/06\/5.j.png\",\"width\":1824,\"height\":2736},{\"@type\":\"BreadcrumbList\",\"@id\":\"https:\/\/gotapura.com\/?product=turbo-5000#breadcrumb\",\"itemListElement\":[{\"@type\":\"ListItem\",\"position\":1,\"name\":\"In\u00edcio\",\"item\":\"https:\/\/gotapura.com\/\"},{\"@type\":\"ListItem\",\"position\":2,\"name\":\"Loja\",\"item\":\"https:\/\/gotapura.com\/?page_id=312\"},{\"@type\":\"ListItem\",\"position\":3,\"name\":\"Turbo 5000\"}]},{\"@type\":\"WebSite\",\"@id\":\"https:\/\/gotapura.com\/#website\",\"url\":\"https:\/\/gotapura.com\/\",\"name\":\"Gota Pura\",\"description\":\"Filtros de \u00c1gua em Angola - Entrega e Instala\u00e7\u00e3o Gratuita\",\"publisher\":{\"@id\":\"https:\/\/gotapura.com\/#organization\"},\"potentialAction\":[{\"@type\":\"SearchAction\",\"target\":{\"@type\":\"EntryPoint\",\"urlTemplate\":\"https:\/\/gotapura.com\/?s={search_term_string}\"},\"query-input\":{\"@type\":\"PropertyValueSpecification\",\"valueRequired\":true,\"valueName\":\"search_term_string\"}}],\"inLanguage\":\"pt-BR\"},{\"@type\":\"Organization\",\"@id\":\"https:\/\/gotapura.com\/#organization\",\"name\":\"Gota Pura\",\"url\":\"https:\/\/gotapura.com\/\",\"logo\":{\"@type\":\"ImageObject\",\"inLanguage\":\"pt-BR\",\"@id\":\"https:\/\/gotapura.com\/#\/schema\/logo\/image\/\",\"url\":\"https:\/\/gotapura.com\/wp-content\/uploads\/2023\/05\/gota.png\",\"contentUrl\":\"https:\/\/gotapura.com\/wp-content\/uploads\/2023\/05\/gota.png\",\"width\":100,\"height\":100,\"caption\":\"Gota Pura\"},\"image\":{\"@id\":\"https:\/\/gotapura.com\/#\/schema\/logo\/image\/\"}}]}<\/script>\n<!-- \/ Yoast SEO plugin. -->","yoast_head_json":{"title":"Turbo 5000 - Gota Pura","robots":{"index":"index","follow":"follow","max-snippet":"max-snippet:-1","max-image-preview":"max-image-preview:large","max-video-preview":"max-video-preview:-1"},"canonical":"https:\/\/gotapura.com\/?product=turbo-5000","og_locale":"pt_BR","og_type":"article","og_title":"Turbo 5000 - Gota Pura","og_description":"&nbsp;   Turbo para \u00e1gua turva e barrenta, robusto econ\u00f3mico e eficiente","og_url":"https:\/\/gotapura.com\/?product=turbo-5000","og_site_name":"Gota Pura","article_modified_time":"2023-07-12T22:40:33+00:00","og_image":[{"width":683,"height":1024,"url":"https:\/\/gotapura.com\/wp-content\/uploads\/2023\/06\/5.j-683x1024.png","type":"image\/png"}],"twitter_card":"summary_large_image","twitter_misc":{"Est. tempo de leitura":"1 minuto"},"schema":{"@context":"https:\/\/schema.org","@graph":[{"@type":"WebPage","@id":"https:\/\/gotapura.com\/?product=turbo-5000","url":"https:\/\/gotapura.com\/?product=turbo-5000","name":"Turbo 5000 - Gota Pura","isPartOf":{"@id":"https:\/\/gotapura.com\/#website"},"primaryImageOfPage":{"@id":"https:\/\/gotapura.com\/?product=turbo-5000#primaryimage"},"image":{"@id":"https:\/\/gotapura.com\/?product=turbo-5000#primaryimage"},"thumbnailUrl":"https:\/\/gotapura.com\/wp-content\/uploads\/2023\/06\/5.j.png","datePublished":"2023-06-29T00:40:24+00:00","dateModified":"2023-07-12T22:40:33+00:00","breadcrumb":{"@id":"https:\/\/gotapura.com\/?product=turbo-5000#breadcrumb"},"inLanguage":"pt-BR","potentialAction":[{"@type":"ReadAction","target":["https:\/\/gotapura.com\/?product=turbo-5000"]}]},{"@type":"ImageObject","inLanguage":"pt-BR","@id":"https:\/\/gotapura.com\/?product=turbo-5000#primaryimage","url":"https:\/\/gotapura.com\/wp-content\/uploads\/2023\/06\/5.j.png","contentUrl":"https:\/\/gotapura.com\/wp-content\/uploads\/2023\/06\/5.j.png","width":1824,"height":2736},{"@type":"BreadcrumbList","@id":"https:\/\/gotapura.com\/?product=turbo-5000#breadcrumb","itemListElement":[{"@type":"ListItem","position":1,"name":"In\u00edcio","item":"https:\/\/gotapura.com\/"},{"@type":"ListItem","position":2,"name":"Loja","item":"https:\/\/gotapura.com\/?page_id=312"},{"@type":"ListItem","position":3,"name":"Turbo 5000"}]},{"@type":"WebSite","@id":"https:\/\/gotapura.com\/#website","url":"https:\/\/gotapura.com\/","name":"Gota Pura","description":"Filtros de \u00c1gua em Angola - Entrega e Instala\u00e7\u00e3o Gratuita","publisher":{"@id":"https:\/\/gotapura.com\/#organization"},"potentialAction":[{"@type":"SearchAction","target":{"@type":"EntryPoint","urlTemplate":"https:\/\/gotapura.com\/?s={search_term_string}"},"query-input":{"@type":"PropertyValueSpecification","valueRequired":true,"valueName":"search_term_string"}}],"inLanguage":"pt-BR"},{"@type":"Organization","@id":"https:\/\/gotapura.com\/#organization","name":"Gota Pura","url":"https:\/\/gotapura.com\/","logo":{"@type":"ImageObject","inLanguage":"pt-BR","@id":"https:\/\/gotapura.com\/#\/schema\/logo\/image\/","url":"https:\/\/gotapura.com\/wp-content\/uploads\/2023\/05\/gota.png","contentUrl":"https:\/\/gotapura.com\/wp-content\/uploads\/2023\/05\/gota.png","width":100,"height":100,"caption":"Gota Pura"},"image":{"@id":"https:\/\/gotapura.com\/#\/schema\/logo\/image\/"}}]}},"_links":{"self":[{"href":"https:\/\/gotapura.com\/index.php?rest_route=\/wp\/v2\/product\/948","targetHints":{"allow":["GET"]}}],"collection":[{"href":"https:\/\/gotapura.com\/index.php?rest_route=\/wp\/v2\/product"}],"about":[{"href":"https:\/\/gotapura.com\/index.php?rest_route=\/wp\/v2\/types\/product"}],"version-history":[{"count":0,"href":"https:\/\/gotapura.com\/index.php?rest_route=\/wp\/v2\/product\/948\/revisions"}],"wp:featuredmedia":[{"embeddable":true,"href":"https:\/\/gotapura.com\/index.php?rest_route=\/wp\/v2\/media\/1178"}],"wp:attachment":[{"href":"https:\/\/gotapura.com\/index.php?rest_route=%2Fwp%2Fv2%2Fmedia&parent=948"}],"wp:term":[{"taxonomy":"product_brand","embeddable":true,"href":"https:\/\/gotapura.com\/index.php?rest_route=%2Fwp%2Fv2%2Fproduct_brand&post=948"},{"taxonomy":"product_cat","embeddable":true,"href":"https:\/\/gotapura.com\/index.php?rest_route=%2Fwp%2Fv2%2Fproduct_cat&post=948"},{"taxonomy":"product_tag","embeddable":true,"href":"https:\/\/gotapura.com\/index.php?rest_route=%2Fwp%2Fv2%2Fproduct_tag&post=948"}],"curies":[{"name":"wp","href":"https:\/\/api.w.org\/{rel}","templated":true}]}}