{"id":874,"date":"2023-06-28T18:25:05","date_gmt":"2023-06-28T21:25:05","guid":{"rendered":"https:\/\/agenciachuvaweb.com\/gotapura\/?post_type=product&#038;p=874"},"modified":"2023-07-12T20:34:40","modified_gmt":"2023-07-12T23:34:40","slug":"sistema-gp-ro50-osmose-inversa","status":"publish","type":"product","link":"https:\/\/gotapura.com\/?product=sistema-gp-ro50-osmose-inversa","title":{"rendered":"SISTEMA GP-RO50 (Osmose Inversa)"},"content":{"rendered":"<h2>Especifica\u00e7\u00f5es Gerais<\/h2>\n<p><b>C<\/b>apacidade de filtrar 240 litros\/hora.<\/p>\n<div class=\"page\" title=\"Page 1\">\n<div class=\"section\">\n<div class=\"layoutArea\">\n<div class=\"column\">\n<p>O sistema GP-RO50 e\u0301 composto por 4 fases de tratamento e purificac\u0327a\u0303o de a\u0301gua, sendo as duas primeiras, por filtros de esponja de 5 micras que captam parti\u0301culas so\u0301lidas presentes na a\u0301gua, diminuindo pore\u0301m o grau de turbidez. Na terceira fase, o filtro de carva\u0303o ativado reduz compostos orga\u0302nicos e inorga\u0302nicos da a\u0301gua, nesta fase odores e paladar indesejado sa\u0303o eficientemente eliminados. Por u\u0301ltimo, atrave\u0301s de uma membrana de osmose inversa os micro-organismos patoge\u0301nicos, vi\u0301rus, bacte\u0301rias, protozoa\u0301rios, algas unicelulares, fungos e outros sa\u0303o eliminados da a\u0301gua.<\/p>\n<\/div>\n<\/div>\n<\/div>\n<\/div>\n<p>&nbsp;<\/p>\n<h2>Utilidade e Benef\u00edcios:<\/h2>\n<ul>\n<li>Apropriado para Cozinhas de todo o tipo de Resid\u00eancias, Empresas, Restaurantes, Creches, Clinicas, Sal\u00f5es de Beleza, Lavandarias, Estaleiros, Escolas entre outras diversas aplica\u00e7\u00f5es;<\/li>\n<li>Previne contra doen\u00e7as provenientes da \u00e1gua como c\u00f3lera, febre tif\u00f3ide, infe\u00e7\u00e3o urin\u00e1ria, hepatite entre outras;<\/li>\n<li>Poupan\u00e7a substancial no consumo de \u00e1gua engarrafada.<\/li>\n<\/ul>\n<h2><\/h2>\n<p>Instala\u00e7\u00e3o gr\u00e1tis para Luanda, Benguela e Cabinda.<\/p>\n<p><strong>OBS: Fique confiante que ap\u00f3s a confirma\u00e7\u00e3o do pedido, nossa equipe ir\u00e1 ligar para agendar o melhor dia para instala\u00e7\u00e3o do produto (Luanda, Benguela e Cabinda).<\/strong><\/p>\n","protected":false},"excerpt":{"rendered":"<p>Previne contra doen\u00e7as provenientes da \u00e1gua como c\u00f3lera, febre tif\u00f3ide, infe\u00e7\u00e3o urin\u00e1ria, hepatite entre outras;<\/p>\n","protected":false},"featured_media":894,"template":"","meta":{"_acf_changed":false},"product_brand":[],"product_cat":[20],"product_tag":[],"class_list":{"0":"post-874","1":"product","2":"type-product","3":"status-publish","4":"has-post-thumbnail","6":"product_cat-sistemas","8":"first","9":"instock","10":"shipping-taxable","11":"product-type-simple"},"acf":[],"yoast_head":"<!-- This site is optimized with the Yoast SEO plugin v25.7 - https:\/\/yoast.com\/wordpress\/plugins\/seo\/ -->\n<title>SISTEMA GP-RO50 (Osmose Inversa) - Gota Pura<\/title>\n<meta name=\"robots\" content=\"index, follow, max-snippet:-1, max-image-preview:large, max-video-preview:-1\" \/>\n<link rel=\"canonical\" href=\"https:\/\/gotapura.com\/?product=sistema-gp-ro50-osmose-inversa\" \/>\n<meta property=\"og:locale\" content=\"pt_BR\" \/>\n<meta property=\"og:type\" content=\"article\" \/>\n<meta property=\"og:title\" content=\"SISTEMA GP-RO50 (Osmose Inversa) - Gota Pura\" \/>\n<meta property=\"og:description\" content=\"Previne contra doen\u00e7as provenientes da \u00e1gua como c\u00f3lera, febre tif\u00f3ide, infe\u00e7\u00e3o urin\u00e1ria, hepatite entre outras;\" \/>\n<meta property=\"og:url\" content=\"https:\/\/gotapura.com\/?product=sistema-gp-ro50-osmose-inversa\" \/>\n<meta property=\"og:site_name\" content=\"Gota Pura\" \/>\n<meta property=\"article:modified_time\" content=\"2023-07-12T23:34:40+00:00\" \/>\n<meta property=\"og:image\" content=\"https:\/\/gotapura.com\/wp-content\/uploads\/2023\/06\/1-37-683x1024.png\" \/>\n\t<meta property=\"og:image:width\" content=\"683\" \/>\n\t<meta property=\"og:image:height\" content=\"1024\" \/>\n\t<meta property=\"og:image:type\" content=\"image\/png\" \/>\n<meta name=\"twitter:card\" content=\"summary_large_image\" \/>\n<meta name=\"twitter:label1\" content=\"Est. tempo de leitura\" \/>\n\t<meta name=\"twitter:data1\" content=\"1 minuto\" \/>\n<script type=\"application\/ld+json\" class=\"yoast-schema-graph\">{\"@context\":\"https:\/\/schema.org\",\"@graph\":[{\"@type\":\"WebPage\",\"@id\":\"https:\/\/gotapura.com\/?product=sistema-gp-ro50-osmose-inversa\",\"url\":\"https:\/\/gotapura.com\/?product=sistema-gp-ro50-osmose-inversa\",\"name\":\"SISTEMA GP-RO50 (Osmose Inversa) - Gota Pura\",\"isPartOf\":{\"@id\":\"https:\/\/gotapura.com\/#website\"},\"primaryImageOfPage\":{\"@id\":\"https:\/\/gotapura.com\/?product=sistema-gp-ro50-osmose-inversa#primaryimage\"},\"image\":{\"@id\":\"https:\/\/gotapura.com\/?product=sistema-gp-ro50-osmose-inversa#primaryimage\"},\"thumbnailUrl\":\"https:\/\/gotapura.com\/wp-content\/uploads\/2023\/06\/1-37.png\",\"datePublished\":\"2023-06-28T21:25:05+00:00\",\"dateModified\":\"2023-07-12T23:34:40+00:00\",\"breadcrumb\":{\"@id\":\"https:\/\/gotapura.com\/?product=sistema-gp-ro50-osmose-inversa#breadcrumb\"},\"inLanguage\":\"pt-BR\",\"potentialAction\":[{\"@type\":\"ReadAction\",\"target\":[\"https:\/\/gotapura.com\/?product=sistema-gp-ro50-osmose-inversa\"]}]},{\"@type\":\"ImageObject\",\"inLanguage\":\"pt-BR\",\"@id\":\"https:\/\/gotapura.com\/?product=sistema-gp-ro50-osmose-inversa#primaryimage\",\"url\":\"https:\/\/gotapura.com\/wp-content\/uploads\/2023\/06\/1-37.png\",\"contentUrl\":\"https:\/\/gotapura.com\/wp-content\/uploads\/2023\/06\/1-37.png\",\"width\":3648,\"height\":5472,\"caption\":\"osmse inversa\"},{\"@type\":\"BreadcrumbList\",\"@id\":\"https:\/\/gotapura.com\/?product=sistema-gp-ro50-osmose-inversa#breadcrumb\",\"itemListElement\":[{\"@type\":\"ListItem\",\"position\":1,\"name\":\"In\u00edcio\",\"item\":\"https:\/\/gotapura.com\/\"},{\"@type\":\"ListItem\",\"position\":2,\"name\":\"Loja\",\"item\":\"https:\/\/gotapura.com\/?page_id=312\"},{\"@type\":\"ListItem\",\"position\":3,\"name\":\"SISTEMA GP-RO50 (Osmose Inversa)\"}]},{\"@type\":\"WebSite\",\"@id\":\"https:\/\/gotapura.com\/#website\",\"url\":\"https:\/\/gotapura.com\/\",\"name\":\"Gota Pura\",\"description\":\"Filtros de \u00c1gua em Angola - Entrega e Instala\u00e7\u00e3o Gratuita\",\"publisher\":{\"@id\":\"https:\/\/gotapura.com\/#organization\"},\"potentialAction\":[{\"@type\":\"SearchAction\",\"target\":{\"@type\":\"EntryPoint\",\"urlTemplate\":\"https:\/\/gotapura.com\/?s={search_term_string}\"},\"query-input\":{\"@type\":\"PropertyValueSpecification\",\"valueRequired\":true,\"valueName\":\"search_term_string\"}}],\"inLanguage\":\"pt-BR\"},{\"@type\":\"Organization\",\"@id\":\"https:\/\/gotapura.com\/#organization\",\"name\":\"Gota Pura\",\"url\":\"https:\/\/gotapura.com\/\",\"logo\":{\"@type\":\"ImageObject\",\"inLanguage\":\"pt-BR\",\"@id\":\"https:\/\/gotapura.com\/#\/schema\/logo\/image\/\",\"url\":\"https:\/\/gotapura.com\/wp-content\/uploads\/2023\/05\/gota.png\",\"contentUrl\":\"https:\/\/gotapura.com\/wp-content\/uploads\/2023\/05\/gota.png\",\"width\":100,\"height\":100,\"caption\":\"Gota Pura\"},\"image\":{\"@id\":\"https:\/\/gotapura.com\/#\/schema\/logo\/image\/\"}}]}<\/script>\n<!-- \/ Yoast SEO plugin. -->","yoast_head_json":{"title":"SISTEMA GP-RO50 (Osmose Inversa) - Gota Pura","robots":{"index":"index","follow":"follow","max-snippet":"max-snippet:-1","max-image-preview":"max-image-preview:large","max-video-preview":"max-video-preview:-1"},"canonical":"https:\/\/gotapura.com\/?product=sistema-gp-ro50-osmose-inversa","og_locale":"pt_BR","og_type":"article","og_title":"SISTEMA GP-RO50 (Osmose Inversa) - Gota Pura","og_description":"Previne contra doen\u00e7as provenientes da \u00e1gua como c\u00f3lera, febre tif\u00f3ide, infe\u00e7\u00e3o urin\u00e1ria, hepatite entre outras;","og_url":"https:\/\/gotapura.com\/?product=sistema-gp-ro50-osmose-inversa","og_site_name":"Gota Pura","article_modified_time":"2023-07-12T23:34:40+00:00","og_image":[{"width":683,"height":1024,"url":"https:\/\/gotapura.com\/wp-content\/uploads\/2023\/06\/1-37-683x1024.png","type":"image\/png"}],"twitter_card":"summary_large_image","twitter_misc":{"Est. tempo de leitura":"1 minuto"},"schema":{"@context":"https:\/\/schema.org","@graph":[{"@type":"WebPage","@id":"https:\/\/gotapura.com\/?product=sistema-gp-ro50-osmose-inversa","url":"https:\/\/gotapura.com\/?product=sistema-gp-ro50-osmose-inversa","name":"SISTEMA GP-RO50 (Osmose Inversa) - Gota Pura","isPartOf":{"@id":"https:\/\/gotapura.com\/#website"},"primaryImageOfPage":{"@id":"https:\/\/gotapura.com\/?product=sistema-gp-ro50-osmose-inversa#primaryimage"},"image":{"@id":"https:\/\/gotapura.com\/?product=sistema-gp-ro50-osmose-inversa#primaryimage"},"thumbnailUrl":"https:\/\/gotapura.com\/wp-content\/uploads\/2023\/06\/1-37.png","datePublished":"2023-06-28T21:25:05+00:00","dateModified":"2023-07-12T23:34:40+00:00","breadcrumb":{"@id":"https:\/\/gotapura.com\/?product=sistema-gp-ro50-osmose-inversa#breadcrumb"},"inLanguage":"pt-BR","potentialAction":[{"@type":"ReadAction","target":["https:\/\/gotapura.com\/?product=sistema-gp-ro50-osmose-inversa"]}]},{"@type":"ImageObject","inLanguage":"pt-BR","@id":"https:\/\/gotapura.com\/?product=sistema-gp-ro50-osmose-inversa#primaryimage","url":"https:\/\/gotapura.com\/wp-content\/uploads\/2023\/06\/1-37.png","contentUrl":"https:\/\/gotapura.com\/wp-content\/uploads\/2023\/06\/1-37.png","width":3648,"height":5472,"caption":"osmse inversa"},{"@type":"BreadcrumbList","@id":"https:\/\/gotapura.com\/?product=sistema-gp-ro50-osmose-inversa#breadcrumb","itemListElement":[{"@type":"ListItem","position":1,"name":"In\u00edcio","item":"https:\/\/gotapura.com\/"},{"@type":"ListItem","position":2,"name":"Loja","item":"https:\/\/gotapura.com\/?page_id=312"},{"@type":"ListItem","position":3,"name":"SISTEMA GP-RO50 (Osmose Inversa)"}]},{"@type":"WebSite","@id":"https:\/\/gotapura.com\/#website","url":"https:\/\/gotapura.com\/","name":"Gota Pura","description":"Filtros de \u00c1gua em Angola - Entrega e Instala\u00e7\u00e3o Gratuita","publisher":{"@id":"https:\/\/gotapura.com\/#organization"},"potentialAction":[{"@type":"SearchAction","target":{"@type":"EntryPoint","urlTemplate":"https:\/\/gotapura.com\/?s={search_term_string}"},"query-input":{"@type":"PropertyValueSpecification","valueRequired":true,"valueName":"search_term_string"}}],"inLanguage":"pt-BR"},{"@type":"Organization","@id":"https:\/\/gotapura.com\/#organization","name":"Gota Pura","url":"https:\/\/gotapura.com\/","logo":{"@type":"ImageObject","inLanguage":"pt-BR","@id":"https:\/\/gotapura.com\/#\/schema\/logo\/image\/","url":"https:\/\/gotapura.com\/wp-content\/uploads\/2023\/05\/gota.png","contentUrl":"https:\/\/gotapura.com\/wp-content\/uploads\/2023\/05\/gota.png","width":100,"height":100,"caption":"Gota Pura"},"image":{"@id":"https:\/\/gotapura.com\/#\/schema\/logo\/image\/"}}]}},"_links":{"self":[{"href":"https:\/\/gotapura.com\/index.php?rest_route=\/wp\/v2\/product\/874","targetHints":{"allow":["GET"]}}],"collection":[{"href":"https:\/\/gotapura.com\/index.php?rest_route=\/wp\/v2\/product"}],"about":[{"href":"https:\/\/gotapura.com\/index.php?rest_route=\/wp\/v2\/types\/product"}],"version-history":[{"count":0,"href":"https:\/\/gotapura.com\/index.php?rest_route=\/wp\/v2\/product\/874\/revisions"}],"wp:featuredmedia":[{"embeddable":true,"href":"https:\/\/gotapura.com\/index.php?rest_route=\/wp\/v2\/media\/894"}],"wp:attachment":[{"href":"https:\/\/gotapura.com\/index.php?rest_route=%2Fwp%2Fv2%2Fmedia&parent=874"}],"wp:term":[{"taxonomy":"product_brand","embeddable":true,"href":"https:\/\/gotapura.com\/index.php?rest_route=%2Fwp%2Fv2%2Fproduct_brand&post=874"},{"taxonomy":"product_cat","embeddable":true,"href":"https:\/\/gotapura.com\/index.php?rest_route=%2Fwp%2Fv2%2Fproduct_cat&post=874"},{"taxonomy":"product_tag","embeddable":true,"href":"https:\/\/gotapura.com\/index.php?rest_route=%2Fwp%2Fv2%2Fproduct_tag&post=874"}],"curies":[{"name":"wp","href":"https:\/\/api.w.org\/{rel}","templated":true}]}}