{"id":860,"date":"2023-06-28T16:55:14","date_gmt":"2023-06-28T19:55:14","guid":{"rendered":"https:\/\/agenciachuvaweb.com\/gotapura\/?post_type=product&#038;p=860"},"modified":"2023-07-12T19:56:15","modified_gmt":"2023-07-12T22:56:15","slug":"sistema-industrial-ro-plant","status":"publish","type":"product","link":"https:\/\/gotapura.com\/?product=sistema-industrial-ro-plant","title":{"rendered":"Sistema Industrial RO &#8211; Plant"},"content":{"rendered":"<div class=\"layoutArea\">\n<div class=\"column\">\n<p>Aplicac\u0327o\u0303es ou uso em:<\/p>\n<ul>\n<li>\uf0b7 \u00a0Hote\u0301is, Penso\u0303es e Guest Houses<\/li>\n<li>\uf0b7 \u00a0Projectos de abastecimento de a\u0301gua para comunas e munici\u0301pios<\/li>\n<li>\uf0b7 \u00a0Agro Industria<\/li>\n<li>\uf0b7 \u00a0Recintos Desportivos, Centros Culturais e Recreativos<\/li>\n<li>\uf0b7 \u00a0Condomi\u0301nios, Resorts e Estaleiros<\/li>\n<\/ul>\n<\/div>\n<\/div>\n<div class=\"layoutArea\">\n<div class=\"column\">\n<p>\uf0b7 Pre\u0301 tratamento para a\u0301gua de rios ou furos artesianos<\/p>\n<\/div>\n<\/div>\n","protected":false},"excerpt":{"rendered":"<div class=\"page\" title=\"Page 1\">\n<div class=\"layoutArea\">\n<div class=\"column\"><\/div>\n<\/div>\n<div class=\"layoutArea\">\n<div class=\"column\">\n<p>&nbsp;<\/p>\n<\/div>\n<p>trata a \u00e1gua para que seja mais adequada para um determinado uso, seja para consumo, fabrica\u00e7\u00e3o ou mesmo descarte.<\/p>\n<\/div>\n<\/div>\n","protected":false},"featured_media":933,"template":"","meta":{"_acf_changed":false},"product_brand":[],"product_cat":[24],"product_tag":[],"class_list":{"0":"post-860","1":"product","2":"type-product","3":"status-publish","4":"has-post-thumbnail","6":"product_cat-equipamentos-industriais","8":"first","9":"instock","10":"shipping-taxable","11":"product-type-simple"},"acf":[],"yoast_head":"<!-- This site is optimized with the Yoast SEO plugin v25.7 - https:\/\/yoast.com\/wordpress\/plugins\/seo\/ -->\n<title>Sistema Industrial RO - Plant - Gota Pura<\/title>\n<meta name=\"robots\" content=\"index, follow, max-snippet:-1, max-image-preview:large, max-video-preview:-1\" \/>\n<link rel=\"canonical\" href=\"https:\/\/gotapura.com\/?product=sistema-industrial-ro-plant\" \/>\n<meta property=\"og:locale\" content=\"pt_BR\" \/>\n<meta property=\"og:type\" content=\"article\" \/>\n<meta property=\"og:title\" content=\"Sistema Industrial RO - Plant - Gota Pura\" \/>\n<meta property=\"og:description\" content=\"&nbsp;   trata a \u00e1gua para que seja mais adequada para um determinado uso, seja para consumo, fabrica\u00e7\u00e3o ou mesmo descarte.\" \/>\n<meta property=\"og:url\" content=\"https:\/\/gotapura.com\/?product=sistema-industrial-ro-plant\" \/>\n<meta property=\"og:site_name\" content=\"Gota Pura\" \/>\n<meta property=\"article:modified_time\" content=\"2023-07-12T22:56:15+00:00\" \/>\n<meta property=\"og:image\" content=\"https:\/\/gotapura.com\/wp-content\/uploads\/2023\/06\/RO-Plant.png\" \/>\n\t<meta property=\"og:image:width\" content=\"1418\" \/>\n\t<meta property=\"og:image:height\" content=\"656\" \/>\n\t<meta property=\"og:image:type\" content=\"image\/png\" \/>\n<meta name=\"twitter:card\" content=\"summary_large_image\" \/>\n<meta name=\"twitter:label1\" content=\"Est. tempo de leitura\" \/>\n\t<meta name=\"twitter:data1\" content=\"1 minuto\" \/>\n<script type=\"application\/ld+json\" class=\"yoast-schema-graph\">{\"@context\":\"https:\/\/schema.org\",\"@graph\":[{\"@type\":\"WebPage\",\"@id\":\"https:\/\/gotapura.com\/?product=sistema-industrial-ro-plant\",\"url\":\"https:\/\/gotapura.com\/?product=sistema-industrial-ro-plant\",\"name\":\"Sistema Industrial RO - Plant - Gota Pura\",\"isPartOf\":{\"@id\":\"https:\/\/gotapura.com\/#website\"},\"primaryImageOfPage\":{\"@id\":\"https:\/\/gotapura.com\/?product=sistema-industrial-ro-plant#primaryimage\"},\"image\":{\"@id\":\"https:\/\/gotapura.com\/?product=sistema-industrial-ro-plant#primaryimage\"},\"thumbnailUrl\":\"https:\/\/gotapura.com\/wp-content\/uploads\/2023\/06\/RO-Plant.png\",\"datePublished\":\"2023-06-28T19:55:14+00:00\",\"dateModified\":\"2023-07-12T22:56:15+00:00\",\"breadcrumb\":{\"@id\":\"https:\/\/gotapura.com\/?product=sistema-industrial-ro-plant#breadcrumb\"},\"inLanguage\":\"pt-BR\",\"potentialAction\":[{\"@type\":\"ReadAction\",\"target\":[\"https:\/\/gotapura.com\/?product=sistema-industrial-ro-plant\"]}]},{\"@type\":\"ImageObject\",\"inLanguage\":\"pt-BR\",\"@id\":\"https:\/\/gotapura.com\/?product=sistema-industrial-ro-plant#primaryimage\",\"url\":\"https:\/\/gotapura.com\/wp-content\/uploads\/2023\/06\/RO-Plant.png\",\"contentUrl\":\"https:\/\/gotapura.com\/wp-content\/uploads\/2023\/06\/RO-Plant.png\",\"width\":1418,\"height\":656,\"caption\":\"RO - Plant\"},{\"@type\":\"BreadcrumbList\",\"@id\":\"https:\/\/gotapura.com\/?product=sistema-industrial-ro-plant#breadcrumb\",\"itemListElement\":[{\"@type\":\"ListItem\",\"position\":1,\"name\":\"In\u00edcio\",\"item\":\"https:\/\/gotapura.com\/\"},{\"@type\":\"ListItem\",\"position\":2,\"name\":\"Loja\",\"item\":\"https:\/\/gotapura.com\/?page_id=312\"},{\"@type\":\"ListItem\",\"position\":3,\"name\":\"Sistema Industrial RO &#8211; Plant\"}]},{\"@type\":\"WebSite\",\"@id\":\"https:\/\/gotapura.com\/#website\",\"url\":\"https:\/\/gotapura.com\/\",\"name\":\"Gota Pura\",\"description\":\"Filtros de \u00c1gua em Angola - Entrega e Instala\u00e7\u00e3o Gratuita\",\"publisher\":{\"@id\":\"https:\/\/gotapura.com\/#organization\"},\"potentialAction\":[{\"@type\":\"SearchAction\",\"target\":{\"@type\":\"EntryPoint\",\"urlTemplate\":\"https:\/\/gotapura.com\/?s={search_term_string}\"},\"query-input\":{\"@type\":\"PropertyValueSpecification\",\"valueRequired\":true,\"valueName\":\"search_term_string\"}}],\"inLanguage\":\"pt-BR\"},{\"@type\":\"Organization\",\"@id\":\"https:\/\/gotapura.com\/#organization\",\"name\":\"Gota Pura\",\"url\":\"https:\/\/gotapura.com\/\",\"logo\":{\"@type\":\"ImageObject\",\"inLanguage\":\"pt-BR\",\"@id\":\"https:\/\/gotapura.com\/#\/schema\/logo\/image\/\",\"url\":\"https:\/\/gotapura.com\/wp-content\/uploads\/2023\/05\/gota.png\",\"contentUrl\":\"https:\/\/gotapura.com\/wp-content\/uploads\/2023\/05\/gota.png\",\"width\":100,\"height\":100,\"caption\":\"Gota Pura\"},\"image\":{\"@id\":\"https:\/\/gotapura.com\/#\/schema\/logo\/image\/\"}}]}<\/script>\n<!-- \/ Yoast SEO plugin. -->","yoast_head_json":{"title":"Sistema Industrial RO - Plant - Gota Pura","robots":{"index":"index","follow":"follow","max-snippet":"max-snippet:-1","max-image-preview":"max-image-preview:large","max-video-preview":"max-video-preview:-1"},"canonical":"https:\/\/gotapura.com\/?product=sistema-industrial-ro-plant","og_locale":"pt_BR","og_type":"article","og_title":"Sistema Industrial RO - Plant - Gota Pura","og_description":"&nbsp;   trata a \u00e1gua para que seja mais adequada para um determinado uso, seja para consumo, fabrica\u00e7\u00e3o ou mesmo descarte.","og_url":"https:\/\/gotapura.com\/?product=sistema-industrial-ro-plant","og_site_name":"Gota Pura","article_modified_time":"2023-07-12T22:56:15+00:00","og_image":[{"width":1418,"height":656,"url":"https:\/\/gotapura.com\/wp-content\/uploads\/2023\/06\/RO-Plant.png","type":"image\/png"}],"twitter_card":"summary_large_image","twitter_misc":{"Est. tempo de leitura":"1 minuto"},"schema":{"@context":"https:\/\/schema.org","@graph":[{"@type":"WebPage","@id":"https:\/\/gotapura.com\/?product=sistema-industrial-ro-plant","url":"https:\/\/gotapura.com\/?product=sistema-industrial-ro-plant","name":"Sistema Industrial RO - Plant - Gota Pura","isPartOf":{"@id":"https:\/\/gotapura.com\/#website"},"primaryImageOfPage":{"@id":"https:\/\/gotapura.com\/?product=sistema-industrial-ro-plant#primaryimage"},"image":{"@id":"https:\/\/gotapura.com\/?product=sistema-industrial-ro-plant#primaryimage"},"thumbnailUrl":"https:\/\/gotapura.com\/wp-content\/uploads\/2023\/06\/RO-Plant.png","datePublished":"2023-06-28T19:55:14+00:00","dateModified":"2023-07-12T22:56:15+00:00","breadcrumb":{"@id":"https:\/\/gotapura.com\/?product=sistema-industrial-ro-plant#breadcrumb"},"inLanguage":"pt-BR","potentialAction":[{"@type":"ReadAction","target":["https:\/\/gotapura.com\/?product=sistema-industrial-ro-plant"]}]},{"@type":"ImageObject","inLanguage":"pt-BR","@id":"https:\/\/gotapura.com\/?product=sistema-industrial-ro-plant#primaryimage","url":"https:\/\/gotapura.com\/wp-content\/uploads\/2023\/06\/RO-Plant.png","contentUrl":"https:\/\/gotapura.com\/wp-content\/uploads\/2023\/06\/RO-Plant.png","width":1418,"height":656,"caption":"RO - Plant"},{"@type":"BreadcrumbList","@id":"https:\/\/gotapura.com\/?product=sistema-industrial-ro-plant#breadcrumb","itemListElement":[{"@type":"ListItem","position":1,"name":"In\u00edcio","item":"https:\/\/gotapura.com\/"},{"@type":"ListItem","position":2,"name":"Loja","item":"https:\/\/gotapura.com\/?page_id=312"},{"@type":"ListItem","position":3,"name":"Sistema Industrial RO &#8211; Plant"}]},{"@type":"WebSite","@id":"https:\/\/gotapura.com\/#website","url":"https:\/\/gotapura.com\/","name":"Gota Pura","description":"Filtros de \u00c1gua em Angola - Entrega e Instala\u00e7\u00e3o Gratuita","publisher":{"@id":"https:\/\/gotapura.com\/#organization"},"potentialAction":[{"@type":"SearchAction","target":{"@type":"EntryPoint","urlTemplate":"https:\/\/gotapura.com\/?s={search_term_string}"},"query-input":{"@type":"PropertyValueSpecification","valueRequired":true,"valueName":"search_term_string"}}],"inLanguage":"pt-BR"},{"@type":"Organization","@id":"https:\/\/gotapura.com\/#organization","name":"Gota Pura","url":"https:\/\/gotapura.com\/","logo":{"@type":"ImageObject","inLanguage":"pt-BR","@id":"https:\/\/gotapura.com\/#\/schema\/logo\/image\/","url":"https:\/\/gotapura.com\/wp-content\/uploads\/2023\/05\/gota.png","contentUrl":"https:\/\/gotapura.com\/wp-content\/uploads\/2023\/05\/gota.png","width":100,"height":100,"caption":"Gota Pura"},"image":{"@id":"https:\/\/gotapura.com\/#\/schema\/logo\/image\/"}}]}},"_links":{"self":[{"href":"https:\/\/gotapura.com\/index.php?rest_route=\/wp\/v2\/product\/860","targetHints":{"allow":["GET"]}}],"collection":[{"href":"https:\/\/gotapura.com\/index.php?rest_route=\/wp\/v2\/product"}],"about":[{"href":"https:\/\/gotapura.com\/index.php?rest_route=\/wp\/v2\/types\/product"}],"version-history":[{"count":0,"href":"https:\/\/gotapura.com\/index.php?rest_route=\/wp\/v2\/product\/860\/revisions"}],"wp:featuredmedia":[{"embeddable":true,"href":"https:\/\/gotapura.com\/index.php?rest_route=\/wp\/v2\/media\/933"}],"wp:attachment":[{"href":"https:\/\/gotapura.com\/index.php?rest_route=%2Fwp%2Fv2%2Fmedia&parent=860"}],"wp:term":[{"taxonomy":"product_brand","embeddable":true,"href":"https:\/\/gotapura.com\/index.php?rest_route=%2Fwp%2Fv2%2Fproduct_brand&post=860"},{"taxonomy":"product_cat","embeddable":true,"href":"https:\/\/gotapura.com\/index.php?rest_route=%2Fwp%2Fv2%2Fproduct_cat&post=860"},{"taxonomy":"product_tag","embeddable":true,"href":"https:\/\/gotapura.com\/index.php?rest_route=%2Fwp%2Fv2%2Fproduct_tag&post=860"}],"curies":[{"name":"wp","href":"https:\/\/api.w.org\/{rel}","templated":true}]}}