{"id":732,"date":"2023-05-29T17:19:35","date_gmt":"2023-05-29T20:19:35","guid":{"rendered":"https:\/\/agenciachuvaweb.com\/gotapura\/?post_type=product&#038;p=732"},"modified":"2023-07-12T20:43:34","modified_gmt":"2023-07-12T23:43:34","slug":"spray-pulverizador-gerador-de-agua-electrolisada","status":"publish","type":"product","link":"https:\/\/gotapura.com\/?product=spray-pulverizador-gerador-de-agua-electrolisada","title":{"rendered":"SPRAY PULVERIZADOR \u2013 GERADOR DE \u00c1GUA ELECTROLISADA"},"content":{"rendered":"<h2>PARAMETROS DO PRODUTO<\/h2>\n<p><span lang=\"pt\">Material\u00a0 \u00a0 \u00a0 \u00a0 \u00a0 \u00a0 \u00a0 \u00a0 \u00a0 \u00a0 \u00a0 \u00a0 PC ABS<\/span><\/p>\n<p><span lang=\"pt\">Tempo de produ\u00e7\u00e3o\u00a0 \u00a0 \u00a010 MINUTES<\/span><\/p>\n<p><span lang=\"pt\">Capacidade\u00a0 \u00a0 \u00a0 \u00a0 \u00a0 \u00a0 \u00a0 \u00a0 \u00a0 350 ML<\/span><\/p>\n<p><span lang=\"pt\">Tamanho\u00a0 \u00a0 \u00a0 \u00a0 \u00a0 \u00a0 \u00a0 \u00a0 \u00a0 \u00a0 \u00a0 \u00a073mm (DIAMETER)x 280mm (Height)<\/span><\/p>\n<p><span lang=\"pt\">Poder\u00a0 \u00a0 \u00a0 \u00a0 \u00a0 \u00a0 \u00a0 \u00a0 \u00a0 \u00a0 \u00a0 \u00a0 \u00a0 \u00a0 \u00a0DC5V 2A<\/span><\/p>\n<p><span lang=\"pt\">Cor\u00a0 \u00a0 \u00a0 \u00a0 \u00a0 \u00a0 \u00a0 \u00a0 \u00a0 \u00a0 \u00a0 \u00a0 \u00a0 \u00a0 \u00a0 \u00a0 \u00a0White<\/span><\/p>\n","protected":false},"excerpt":{"rendered":"<p>Spray Pulverizador \u00e9\u00a0um desinfetante multifuncional dom\u00e9stico que tem um sistema de controle de microcomputador embutido;<\/p>\n","protected":false},"featured_media":733,"template":"","meta":{"_acf_changed":false},"product_brand":[],"product_cat":[22],"product_tag":[],"class_list":{"0":"post-732","1":"product","2":"type-product","3":"status-publish","4":"has-post-thumbnail","6":"product_cat-biosseguranca","8":"first","9":"instock","10":"shipping-taxable","11":"purchasable","12":"product-type-simple"},"acf":[],"yoast_head":"<!-- This site is optimized with the Yoast SEO plugin v25.7 - https:\/\/yoast.com\/wordpress\/plugins\/seo\/ -->\n<title>SPRAY PULVERIZADOR \u2013 GERADOR DE \u00c1GUA ELECTROLISADA - Gota Pura<\/title>\n<meta name=\"robots\" content=\"index, follow, max-snippet:-1, max-image-preview:large, max-video-preview:-1\" \/>\n<link rel=\"canonical\" href=\"https:\/\/gotapura.com\/?product=spray-pulverizador-gerador-de-agua-electrolisada\" \/>\n<meta property=\"og:locale\" content=\"pt_BR\" \/>\n<meta property=\"og:type\" content=\"article\" \/>\n<meta property=\"og:title\" content=\"SPRAY PULVERIZADOR \u2013 GERADOR DE \u00c1GUA ELECTROLISADA - Gota Pura\" \/>\n<meta property=\"og:description\" content=\"Spray Pulverizador \u00e9\u00a0um desinfetante multifuncional dom\u00e9stico que tem um sistema de controle de microcomputador embutido;\" \/>\n<meta property=\"og:url\" content=\"https:\/\/gotapura.com\/?product=spray-pulverizador-gerador-de-agua-electrolisada\" \/>\n<meta property=\"og:site_name\" content=\"Gota Pura\" \/>\n<meta property=\"article:modified_time\" content=\"2023-07-12T23:43:34+00:00\" \/>\n<meta property=\"og:image\" content=\"https:\/\/gotapura.com\/wp-content\/uploads\/2023\/05\/WhatsApp-Image-2020-11-27-at-09.57.46.jpeg\" \/>\n\t<meta property=\"og:image:width\" content=\"800\" \/>\n\t<meta property=\"og:image:height\" content=\"800\" \/>\n\t<meta property=\"og:image:type\" content=\"image\/jpeg\" \/>\n<meta name=\"twitter:card\" content=\"summary_large_image\" \/>\n<meta name=\"twitter:label1\" content=\"Est. tempo de leitura\" \/>\n\t<meta name=\"twitter:data1\" content=\"1 minuto\" \/>\n<script type=\"application\/ld+json\" class=\"yoast-schema-graph\">{\"@context\":\"https:\/\/schema.org\",\"@graph\":[{\"@type\":\"WebPage\",\"@id\":\"https:\/\/gotapura.com\/?product=spray-pulverizador-gerador-de-agua-electrolisada\",\"url\":\"https:\/\/gotapura.com\/?product=spray-pulverizador-gerador-de-agua-electrolisada\",\"name\":\"SPRAY PULVERIZADOR \u2013 GERADOR DE \u00c1GUA ELECTROLISADA - Gota Pura\",\"isPartOf\":{\"@id\":\"https:\/\/gotapura.com\/#website\"},\"primaryImageOfPage\":{\"@id\":\"https:\/\/gotapura.com\/?product=spray-pulverizador-gerador-de-agua-electrolisada#primaryimage\"},\"image\":{\"@id\":\"https:\/\/gotapura.com\/?product=spray-pulverizador-gerador-de-agua-electrolisada#primaryimage\"},\"thumbnailUrl\":\"https:\/\/gotapura.com\/wp-content\/uploads\/2023\/05\/WhatsApp-Image-2020-11-27-at-09.57.46.jpeg\",\"datePublished\":\"2023-05-29T20:19:35+00:00\",\"dateModified\":\"2023-07-12T23:43:34+00:00\",\"breadcrumb\":{\"@id\":\"https:\/\/gotapura.com\/?product=spray-pulverizador-gerador-de-agua-electrolisada#breadcrumb\"},\"inLanguage\":\"pt-BR\",\"potentialAction\":[{\"@type\":\"ReadAction\",\"target\":[\"https:\/\/gotapura.com\/?product=spray-pulverizador-gerador-de-agua-electrolisada\"]}]},{\"@type\":\"ImageObject\",\"inLanguage\":\"pt-BR\",\"@id\":\"https:\/\/gotapura.com\/?product=spray-pulverizador-gerador-de-agua-electrolisada#primaryimage\",\"url\":\"https:\/\/gotapura.com\/wp-content\/uploads\/2023\/05\/WhatsApp-Image-2020-11-27-at-09.57.46.jpeg\",\"contentUrl\":\"https:\/\/gotapura.com\/wp-content\/uploads\/2023\/05\/WhatsApp-Image-2020-11-27-at-09.57.46.jpeg\",\"width\":800,\"height\":800},{\"@type\":\"BreadcrumbList\",\"@id\":\"https:\/\/gotapura.com\/?product=spray-pulverizador-gerador-de-agua-electrolisada#breadcrumb\",\"itemListElement\":[{\"@type\":\"ListItem\",\"position\":1,\"name\":\"In\u00edcio\",\"item\":\"https:\/\/gotapura.com\/\"},{\"@type\":\"ListItem\",\"position\":2,\"name\":\"Loja\",\"item\":\"https:\/\/gotapura.com\/?page_id=312\"},{\"@type\":\"ListItem\",\"position\":3,\"name\":\"SPRAY PULVERIZADOR \u2013 GERADOR DE \u00c1GUA ELECTROLISADA\"}]},{\"@type\":\"WebSite\",\"@id\":\"https:\/\/gotapura.com\/#website\",\"url\":\"https:\/\/gotapura.com\/\",\"name\":\"Gota Pura\",\"description\":\"Filtros de \u00c1gua em Angola - Entrega e Instala\u00e7\u00e3o Gratuita\",\"publisher\":{\"@id\":\"https:\/\/gotapura.com\/#organization\"},\"potentialAction\":[{\"@type\":\"SearchAction\",\"target\":{\"@type\":\"EntryPoint\",\"urlTemplate\":\"https:\/\/gotapura.com\/?s={search_term_string}\"},\"query-input\":{\"@type\":\"PropertyValueSpecification\",\"valueRequired\":true,\"valueName\":\"search_term_string\"}}],\"inLanguage\":\"pt-BR\"},{\"@type\":\"Organization\",\"@id\":\"https:\/\/gotapura.com\/#organization\",\"name\":\"Gota Pura\",\"url\":\"https:\/\/gotapura.com\/\",\"logo\":{\"@type\":\"ImageObject\",\"inLanguage\":\"pt-BR\",\"@id\":\"https:\/\/gotapura.com\/#\/schema\/logo\/image\/\",\"url\":\"https:\/\/gotapura.com\/wp-content\/uploads\/2023\/05\/gota.png\",\"contentUrl\":\"https:\/\/gotapura.com\/wp-content\/uploads\/2023\/05\/gota.png\",\"width\":100,\"height\":100,\"caption\":\"Gota Pura\"},\"image\":{\"@id\":\"https:\/\/gotapura.com\/#\/schema\/logo\/image\/\"}}]}<\/script>\n<!-- \/ Yoast SEO plugin. -->","yoast_head_json":{"title":"SPRAY PULVERIZADOR \u2013 GERADOR DE \u00c1GUA ELECTROLISADA - Gota Pura","robots":{"index":"index","follow":"follow","max-snippet":"max-snippet:-1","max-image-preview":"max-image-preview:large","max-video-preview":"max-video-preview:-1"},"canonical":"https:\/\/gotapura.com\/?product=spray-pulverizador-gerador-de-agua-electrolisada","og_locale":"pt_BR","og_type":"article","og_title":"SPRAY PULVERIZADOR \u2013 GERADOR DE \u00c1GUA ELECTROLISADA - Gota Pura","og_description":"Spray Pulverizador \u00e9\u00a0um desinfetante multifuncional dom\u00e9stico que tem um sistema de controle de microcomputador embutido;","og_url":"https:\/\/gotapura.com\/?product=spray-pulverizador-gerador-de-agua-electrolisada","og_site_name":"Gota Pura","article_modified_time":"2023-07-12T23:43:34+00:00","og_image":[{"width":800,"height":800,"url":"https:\/\/gotapura.com\/wp-content\/uploads\/2023\/05\/WhatsApp-Image-2020-11-27-at-09.57.46.jpeg","type":"image\/jpeg"}],"twitter_card":"summary_large_image","twitter_misc":{"Est. tempo de leitura":"1 minuto"},"schema":{"@context":"https:\/\/schema.org","@graph":[{"@type":"WebPage","@id":"https:\/\/gotapura.com\/?product=spray-pulverizador-gerador-de-agua-electrolisada","url":"https:\/\/gotapura.com\/?product=spray-pulverizador-gerador-de-agua-electrolisada","name":"SPRAY PULVERIZADOR \u2013 GERADOR DE \u00c1GUA ELECTROLISADA - Gota Pura","isPartOf":{"@id":"https:\/\/gotapura.com\/#website"},"primaryImageOfPage":{"@id":"https:\/\/gotapura.com\/?product=spray-pulverizador-gerador-de-agua-electrolisada#primaryimage"},"image":{"@id":"https:\/\/gotapura.com\/?product=spray-pulverizador-gerador-de-agua-electrolisada#primaryimage"},"thumbnailUrl":"https:\/\/gotapura.com\/wp-content\/uploads\/2023\/05\/WhatsApp-Image-2020-11-27-at-09.57.46.jpeg","datePublished":"2023-05-29T20:19:35+00:00","dateModified":"2023-07-12T23:43:34+00:00","breadcrumb":{"@id":"https:\/\/gotapura.com\/?product=spray-pulverizador-gerador-de-agua-electrolisada#breadcrumb"},"inLanguage":"pt-BR","potentialAction":[{"@type":"ReadAction","target":["https:\/\/gotapura.com\/?product=spray-pulverizador-gerador-de-agua-electrolisada"]}]},{"@type":"ImageObject","inLanguage":"pt-BR","@id":"https:\/\/gotapura.com\/?product=spray-pulverizador-gerador-de-agua-electrolisada#primaryimage","url":"https:\/\/gotapura.com\/wp-content\/uploads\/2023\/05\/WhatsApp-Image-2020-11-27-at-09.57.46.jpeg","contentUrl":"https:\/\/gotapura.com\/wp-content\/uploads\/2023\/05\/WhatsApp-Image-2020-11-27-at-09.57.46.jpeg","width":800,"height":800},{"@type":"BreadcrumbList","@id":"https:\/\/gotapura.com\/?product=spray-pulverizador-gerador-de-agua-electrolisada#breadcrumb","itemListElement":[{"@type":"ListItem","position":1,"name":"In\u00edcio","item":"https:\/\/gotapura.com\/"},{"@type":"ListItem","position":2,"name":"Loja","item":"https:\/\/gotapura.com\/?page_id=312"},{"@type":"ListItem","position":3,"name":"SPRAY PULVERIZADOR \u2013 GERADOR DE \u00c1GUA ELECTROLISADA"}]},{"@type":"WebSite","@id":"https:\/\/gotapura.com\/#website","url":"https:\/\/gotapura.com\/","name":"Gota Pura","description":"Filtros de \u00c1gua em Angola - Entrega e Instala\u00e7\u00e3o Gratuita","publisher":{"@id":"https:\/\/gotapura.com\/#organization"},"potentialAction":[{"@type":"SearchAction","target":{"@type":"EntryPoint","urlTemplate":"https:\/\/gotapura.com\/?s={search_term_string}"},"query-input":{"@type":"PropertyValueSpecification","valueRequired":true,"valueName":"search_term_string"}}],"inLanguage":"pt-BR"},{"@type":"Organization","@id":"https:\/\/gotapura.com\/#organization","name":"Gota Pura","url":"https:\/\/gotapura.com\/","logo":{"@type":"ImageObject","inLanguage":"pt-BR","@id":"https:\/\/gotapura.com\/#\/schema\/logo\/image\/","url":"https:\/\/gotapura.com\/wp-content\/uploads\/2023\/05\/gota.png","contentUrl":"https:\/\/gotapura.com\/wp-content\/uploads\/2023\/05\/gota.png","width":100,"height":100,"caption":"Gota Pura"},"image":{"@id":"https:\/\/gotapura.com\/#\/schema\/logo\/image\/"}}]}},"_links":{"self":[{"href":"https:\/\/gotapura.com\/index.php?rest_route=\/wp\/v2\/product\/732","targetHints":{"allow":["GET"]}}],"collection":[{"href":"https:\/\/gotapura.com\/index.php?rest_route=\/wp\/v2\/product"}],"about":[{"href":"https:\/\/gotapura.com\/index.php?rest_route=\/wp\/v2\/types\/product"}],"version-history":[{"count":0,"href":"https:\/\/gotapura.com\/index.php?rest_route=\/wp\/v2\/product\/732\/revisions"}],"wp:featuredmedia":[{"embeddable":true,"href":"https:\/\/gotapura.com\/index.php?rest_route=\/wp\/v2\/media\/733"}],"wp:attachment":[{"href":"https:\/\/gotapura.com\/index.php?rest_route=%2Fwp%2Fv2%2Fmedia&parent=732"}],"wp:term":[{"taxonomy":"product_brand","embeddable":true,"href":"https:\/\/gotapura.com\/index.php?rest_route=%2Fwp%2Fv2%2Fproduct_brand&post=732"},{"taxonomy":"product_cat","embeddable":true,"href":"https:\/\/gotapura.com\/index.php?rest_route=%2Fwp%2Fv2%2Fproduct_cat&post=732"},{"taxonomy":"product_tag","embeddable":true,"href":"https:\/\/gotapura.com\/index.php?rest_route=%2Fwp%2Fv2%2Fproduct_tag&post=732"}],"curies":[{"name":"wp","href":"https:\/\/api.w.org\/{rel}","templated":true}]}}