{"id":730,"date":"2023-05-29T17:13:09","date_gmt":"2023-05-29T20:13:09","guid":{"rendered":"https:\/\/agenciachuvaweb.com\/gotapura\/?post_type=product&#038;p=730"},"modified":"2023-07-12T20:45:42","modified_gmt":"2023-07-12T23:45:42","slug":"esterilizador-portatil-59s-x5","status":"publish","type":"product","link":"https:\/\/gotapura.com\/?product=esterilizador-portatil-59s-x5","title":{"rendered":"ESTERILIZADOR PORT\u00c1TIL 59S \u2013 X5"},"content":{"rendered":"<h2>Especifica\u00e7\u00f5es T\u00e9cnicas<\/h2>\n<p><strong>Interface de entrada<\/strong>\u00a0 \u00a0 \u00a0 \u00a0 \u00a0 \u00a0 \u00a0 \u00a0 \u00a0 \u00a0 \u00a0 \u00a0 \u00a0 \u00a0 \u00a0 \u00a0 Micro USB<\/p>\n<p><strong>Entrada nominal\u00a0 \u00a0 \u00a0 \u00a0 \u00a0 \u00a0 \u00a0 \u00a0 \u00a0 \u00a0 \u00a0 \u00a0 \u00a0 \u00a0 \u00a0 \u00a0 \u00a0 \u00a0 \u00a0\u00a0<\/strong>5V, 1A<\/p>\n<p><strong>N\u00famero de LED UVC<\/strong>\u00a0 \u00a0 \u00a0 \u00a0 \u00a0 \u00a0 \u00a0 \u00a0 \u00a0 \u00a0 \u00a0 \u00a0 \u00a0 \u00a0 \u00a0 \u00a024 pcs<\/p>\n<p><strong>Comprimento da onda de luz\u00a0<\/strong>\u00a0 \u00a0 \u00a0 \u00a0 \u00a0 \u00a0 \u00a0 \u00a0 260-280 mm<\/p>\n<p><strong>Tipo de bateria<\/strong>\u00a0 \u00a0 \u00a0 \u00a0 \u00a0 \u00a0 \u00a0 \u00a0 \u00a0 \u00a0 \u00a0 \u00a0 \u00a0 \u00a0 \u00a0 \u00a0 \u00a0 \u00a0 \u00a0 \u00a0 \u00a0Bateria de ion de l\u00edtio<\/p>\n<p><strong>Capacidade nominal\u00a0 \u00a0 \u00a0 \u00a0 \u00a0 \u00a0 \u00a0<\/strong>\u00a0 \u00a0 \u00a0 \u00a0 \u00a0 \u00a0 \u00a0 \u00a0 \u00a0 \u00a02500 mAh 9Wh<\/p>\n<p><strong>Tens\u00e3o nominal\u00a0 \u00a0<\/strong>\u00a0 \u00a0 \u00a0 \u00a0 \u00a0 \u00a0 \u00a0 \u00a0 \u00a0 \u00a0 \u00a0 \u00a0 \u00a0 \u00a0 \u00a0 \u00a0 \u00a0 \u00a0 \u00a03.6 V<\/p>\n<p><strong>Limita\u00e7\u00e3o de tens\u00e3o de carregamento<\/strong>\u00a0 \u00a04.2 V<\/p>\n<p><strong>Peso\u00a0 \u00a0 \u00a0 \u00a0 \u00a0 \u00a0 \u00a0 \u00a0 \u00a0 \u00a0 \u00a0 \u00a0 \u00a0 \u00a0<\/strong>\u00a0 \u00a0 \u00a0 \u00a0 \u00a0 \u00a0 \u00a0 \u00a0 \u00a0 \u00a0 \u00a0 \u00a0 \u00a0 \u00a0 \u00a0 \u00a0 210 g<\/p>\n<p><b>Tamanho<\/b>\u00a0 \u00a0 \u00a0 \u00a0 \u00a0 \u00a0 \u00a0 \u00a0 \u00a0 \u00a0 \u00a0 \u00a0 \u00a0 \u00a0 \u00a0 \u00a0 \u00a0 \u00a0 \u00a0 \u00a0 \u00a0 \u00a0 \u00a0 \u00a0 \u00a0 \u00a0 257 x 42 x 40 mm<\/p>\n","protected":false},"excerpt":{"rendered":"<p>Um esterilizador port\u00e1til, recarreg\u00e1vel e muito f\u00e1cil de usar. Pode matar bact\u00e9rias \u00a0taxa de esteriliza\u00e7\u00e3o de 99,9%.<\/p>\n<p>&nbsp;<\/p>\n<p>&nbsp;<\/p>\n","protected":false},"featured_media":731,"template":"","meta":{"_acf_changed":false},"product_brand":[],"product_cat":[22],"product_tag":[],"class_list":{"0":"post-730","1":"product","2":"type-product","3":"status-publish","4":"has-post-thumbnail","6":"product_cat-biosseguranca","8":"first","9":"instock","10":"shipping-taxable","11":"purchasable","12":"product-type-simple"},"acf":[],"yoast_head":"<!-- This site is optimized with the Yoast SEO plugin v25.7 - https:\/\/yoast.com\/wordpress\/plugins\/seo\/ -->\n<title>ESTERILIZADOR PORT\u00c1TIL 59S \u2013 X5 - Gota Pura<\/title>\n<meta name=\"robots\" content=\"index, follow, max-snippet:-1, max-image-preview:large, max-video-preview:-1\" \/>\n<link rel=\"canonical\" href=\"https:\/\/gotapura.com\/?product=esterilizador-portatil-59s-x5\" \/>\n<meta property=\"og:locale\" content=\"pt_BR\" \/>\n<meta property=\"og:type\" content=\"article\" \/>\n<meta property=\"og:title\" content=\"ESTERILIZADOR PORT\u00c1TIL 59S \u2013 X5 - Gota Pura\" \/>\n<meta property=\"og:description\" content=\"Um esterilizador port\u00e1til, recarreg\u00e1vel e muito f\u00e1cil de usar. Pode matar bact\u00e9rias \u00a0taxa de esteriliza\u00e7\u00e3o de 99,9%.  &nbsp;  &nbsp;\" \/>\n<meta property=\"og:url\" content=\"https:\/\/gotapura.com\/?product=esterilizador-portatil-59s-x5\" \/>\n<meta property=\"og:site_name\" content=\"Gota Pura\" \/>\n<meta property=\"article:modified_time\" content=\"2023-07-12T23:45:42+00:00\" \/>\n<meta property=\"og:image\" content=\"https:\/\/gotapura.com\/wp-content\/uploads\/2023\/05\/X5-4.1.jpg\" \/>\n\t<meta property=\"og:image:width\" content=\"750\" \/>\n\t<meta property=\"og:image:height\" content=\"750\" \/>\n\t<meta property=\"og:image:type\" content=\"image\/jpeg\" \/>\n<meta name=\"twitter:card\" content=\"summary_large_image\" \/>\n<meta name=\"twitter:label1\" content=\"Est. tempo de leitura\" \/>\n\t<meta name=\"twitter:data1\" content=\"1 minuto\" \/>\n<script type=\"application\/ld+json\" class=\"yoast-schema-graph\">{\"@context\":\"https:\/\/schema.org\",\"@graph\":[{\"@type\":\"WebPage\",\"@id\":\"https:\/\/gotapura.com\/?product=esterilizador-portatil-59s-x5\",\"url\":\"https:\/\/gotapura.com\/?product=esterilizador-portatil-59s-x5\",\"name\":\"ESTERILIZADOR PORT\u00c1TIL 59S \u2013 X5 - Gota Pura\",\"isPartOf\":{\"@id\":\"https:\/\/gotapura.com\/#website\"},\"primaryImageOfPage\":{\"@id\":\"https:\/\/gotapura.com\/?product=esterilizador-portatil-59s-x5#primaryimage\"},\"image\":{\"@id\":\"https:\/\/gotapura.com\/?product=esterilizador-portatil-59s-x5#primaryimage\"},\"thumbnailUrl\":\"https:\/\/gotapura.com\/wp-content\/uploads\/2023\/05\/X5-4.1.jpg\",\"datePublished\":\"2023-05-29T20:13:09+00:00\",\"dateModified\":\"2023-07-12T23:45:42+00:00\",\"breadcrumb\":{\"@id\":\"https:\/\/gotapura.com\/?product=esterilizador-portatil-59s-x5#breadcrumb\"},\"inLanguage\":\"pt-BR\",\"potentialAction\":[{\"@type\":\"ReadAction\",\"target\":[\"https:\/\/gotapura.com\/?product=esterilizador-portatil-59s-x5\"]}]},{\"@type\":\"ImageObject\",\"inLanguage\":\"pt-BR\",\"@id\":\"https:\/\/gotapura.com\/?product=esterilizador-portatil-59s-x5#primaryimage\",\"url\":\"https:\/\/gotapura.com\/wp-content\/uploads\/2023\/05\/X5-4.1.jpg\",\"contentUrl\":\"https:\/\/gotapura.com\/wp-content\/uploads\/2023\/05\/X5-4.1.jpg\",\"width\":750,\"height\":750},{\"@type\":\"BreadcrumbList\",\"@id\":\"https:\/\/gotapura.com\/?product=esterilizador-portatil-59s-x5#breadcrumb\",\"itemListElement\":[{\"@type\":\"ListItem\",\"position\":1,\"name\":\"In\u00edcio\",\"item\":\"https:\/\/gotapura.com\/\"},{\"@type\":\"ListItem\",\"position\":2,\"name\":\"Loja\",\"item\":\"https:\/\/gotapura.com\/?page_id=312\"},{\"@type\":\"ListItem\",\"position\":3,\"name\":\"ESTERILIZADOR PORT\u00c1TIL 59S \u2013 X5\"}]},{\"@type\":\"WebSite\",\"@id\":\"https:\/\/gotapura.com\/#website\",\"url\":\"https:\/\/gotapura.com\/\",\"name\":\"Gota Pura\",\"description\":\"Filtros de \u00c1gua em Angola - Entrega e Instala\u00e7\u00e3o Gratuita\",\"publisher\":{\"@id\":\"https:\/\/gotapura.com\/#organization\"},\"potentialAction\":[{\"@type\":\"SearchAction\",\"target\":{\"@type\":\"EntryPoint\",\"urlTemplate\":\"https:\/\/gotapura.com\/?s={search_term_string}\"},\"query-input\":{\"@type\":\"PropertyValueSpecification\",\"valueRequired\":true,\"valueName\":\"search_term_string\"}}],\"inLanguage\":\"pt-BR\"},{\"@type\":\"Organization\",\"@id\":\"https:\/\/gotapura.com\/#organization\",\"name\":\"Gota Pura\",\"url\":\"https:\/\/gotapura.com\/\",\"logo\":{\"@type\":\"ImageObject\",\"inLanguage\":\"pt-BR\",\"@id\":\"https:\/\/gotapura.com\/#\/schema\/logo\/image\/\",\"url\":\"https:\/\/gotapura.com\/wp-content\/uploads\/2023\/05\/gota.png\",\"contentUrl\":\"https:\/\/gotapura.com\/wp-content\/uploads\/2023\/05\/gota.png\",\"width\":100,\"height\":100,\"caption\":\"Gota Pura\"},\"image\":{\"@id\":\"https:\/\/gotapura.com\/#\/schema\/logo\/image\/\"}}]}<\/script>\n<!-- \/ Yoast SEO plugin. -->","yoast_head_json":{"title":"ESTERILIZADOR PORT\u00c1TIL 59S \u2013 X5 - Gota Pura","robots":{"index":"index","follow":"follow","max-snippet":"max-snippet:-1","max-image-preview":"max-image-preview:large","max-video-preview":"max-video-preview:-1"},"canonical":"https:\/\/gotapura.com\/?product=esterilizador-portatil-59s-x5","og_locale":"pt_BR","og_type":"article","og_title":"ESTERILIZADOR PORT\u00c1TIL 59S \u2013 X5 - Gota Pura","og_description":"Um esterilizador port\u00e1til, recarreg\u00e1vel e muito f\u00e1cil de usar. Pode matar bact\u00e9rias \u00a0taxa de esteriliza\u00e7\u00e3o de 99,9%.  &nbsp;  &nbsp;","og_url":"https:\/\/gotapura.com\/?product=esterilizador-portatil-59s-x5","og_site_name":"Gota Pura","article_modified_time":"2023-07-12T23:45:42+00:00","og_image":[{"width":750,"height":750,"url":"https:\/\/gotapura.com\/wp-content\/uploads\/2023\/05\/X5-4.1.jpg","type":"image\/jpeg"}],"twitter_card":"summary_large_image","twitter_misc":{"Est. tempo de leitura":"1 minuto"},"schema":{"@context":"https:\/\/schema.org","@graph":[{"@type":"WebPage","@id":"https:\/\/gotapura.com\/?product=esterilizador-portatil-59s-x5","url":"https:\/\/gotapura.com\/?product=esterilizador-portatil-59s-x5","name":"ESTERILIZADOR PORT\u00c1TIL 59S \u2013 X5 - Gota Pura","isPartOf":{"@id":"https:\/\/gotapura.com\/#website"},"primaryImageOfPage":{"@id":"https:\/\/gotapura.com\/?product=esterilizador-portatil-59s-x5#primaryimage"},"image":{"@id":"https:\/\/gotapura.com\/?product=esterilizador-portatil-59s-x5#primaryimage"},"thumbnailUrl":"https:\/\/gotapura.com\/wp-content\/uploads\/2023\/05\/X5-4.1.jpg","datePublished":"2023-05-29T20:13:09+00:00","dateModified":"2023-07-12T23:45:42+00:00","breadcrumb":{"@id":"https:\/\/gotapura.com\/?product=esterilizador-portatil-59s-x5#breadcrumb"},"inLanguage":"pt-BR","potentialAction":[{"@type":"ReadAction","target":["https:\/\/gotapura.com\/?product=esterilizador-portatil-59s-x5"]}]},{"@type":"ImageObject","inLanguage":"pt-BR","@id":"https:\/\/gotapura.com\/?product=esterilizador-portatil-59s-x5#primaryimage","url":"https:\/\/gotapura.com\/wp-content\/uploads\/2023\/05\/X5-4.1.jpg","contentUrl":"https:\/\/gotapura.com\/wp-content\/uploads\/2023\/05\/X5-4.1.jpg","width":750,"height":750},{"@type":"BreadcrumbList","@id":"https:\/\/gotapura.com\/?product=esterilizador-portatil-59s-x5#breadcrumb","itemListElement":[{"@type":"ListItem","position":1,"name":"In\u00edcio","item":"https:\/\/gotapura.com\/"},{"@type":"ListItem","position":2,"name":"Loja","item":"https:\/\/gotapura.com\/?page_id=312"},{"@type":"ListItem","position":3,"name":"ESTERILIZADOR PORT\u00c1TIL 59S \u2013 X5"}]},{"@type":"WebSite","@id":"https:\/\/gotapura.com\/#website","url":"https:\/\/gotapura.com\/","name":"Gota Pura","description":"Filtros de \u00c1gua em Angola - Entrega e Instala\u00e7\u00e3o Gratuita","publisher":{"@id":"https:\/\/gotapura.com\/#organization"},"potentialAction":[{"@type":"SearchAction","target":{"@type":"EntryPoint","urlTemplate":"https:\/\/gotapura.com\/?s={search_term_string}"},"query-input":{"@type":"PropertyValueSpecification","valueRequired":true,"valueName":"search_term_string"}}],"inLanguage":"pt-BR"},{"@type":"Organization","@id":"https:\/\/gotapura.com\/#organization","name":"Gota Pura","url":"https:\/\/gotapura.com\/","logo":{"@type":"ImageObject","inLanguage":"pt-BR","@id":"https:\/\/gotapura.com\/#\/schema\/logo\/image\/","url":"https:\/\/gotapura.com\/wp-content\/uploads\/2023\/05\/gota.png","contentUrl":"https:\/\/gotapura.com\/wp-content\/uploads\/2023\/05\/gota.png","width":100,"height":100,"caption":"Gota Pura"},"image":{"@id":"https:\/\/gotapura.com\/#\/schema\/logo\/image\/"}}]}},"_links":{"self":[{"href":"https:\/\/gotapura.com\/index.php?rest_route=\/wp\/v2\/product\/730","targetHints":{"allow":["GET"]}}],"collection":[{"href":"https:\/\/gotapura.com\/index.php?rest_route=\/wp\/v2\/product"}],"about":[{"href":"https:\/\/gotapura.com\/index.php?rest_route=\/wp\/v2\/types\/product"}],"version-history":[{"count":0,"href":"https:\/\/gotapura.com\/index.php?rest_route=\/wp\/v2\/product\/730\/revisions"}],"wp:featuredmedia":[{"embeddable":true,"href":"https:\/\/gotapura.com\/index.php?rest_route=\/wp\/v2\/media\/731"}],"wp:attachment":[{"href":"https:\/\/gotapura.com\/index.php?rest_route=%2Fwp%2Fv2%2Fmedia&parent=730"}],"wp:term":[{"taxonomy":"product_brand","embeddable":true,"href":"https:\/\/gotapura.com\/index.php?rest_route=%2Fwp%2Fv2%2Fproduct_brand&post=730"},{"taxonomy":"product_cat","embeddable":true,"href":"https:\/\/gotapura.com\/index.php?rest_route=%2Fwp%2Fv2%2Fproduct_cat&post=730"},{"taxonomy":"product_tag","embeddable":true,"href":"https:\/\/gotapura.com\/index.php?rest_route=%2Fwp%2Fv2%2Fproduct_tag&post=730"}],"curies":[{"name":"wp","href":"https:\/\/api.w.org\/{rel}","templated":true}]}}