{"id":725,"date":"2023-05-29T17:05:04","date_gmt":"2023-05-29T20:05:04","guid":{"rendered":"https:\/\/agenciachuvaweb.com\/gotapura\/?post_type=product&#038;p=725"},"modified":"2023-05-29T17:05:05","modified_gmt":"2023-05-29T20:05:05","slug":"sistema-gp2","status":"publish","type":"product","link":"https:\/\/gotapura.com\/?product=sistema-gp2","title":{"rendered":"SISTEMA GP2"},"content":{"rendered":"","protected":false},"excerpt":{"rendered":"<h2>Especifica\u00e7\u00f5es Gerais<\/h2>\n<p><b>C<\/b>apacidade de filtrar 240 litros\/hora.<\/p>\n<p>Tem 3 est\u00e1gios de filtragem:<\/p>\n<ul>\n<li>1 Filtro de Sedimentos \u2013 remove todas as impurezas contidas na \u00e1gua (areia, argilas, barros..);<\/li>\n<li>1 Filtros de Carva\u0303o Granulado \u2013 actua como desintoxicante e remove da a\u0301gua a cor, os odores, gorduras, o mal gosto;<\/li>\n<li>1 L\u00e2mpada Ultravioleta (UV) \u2013 que elimina micro-organismos patog\u00e9nicos, inclueindo v\u00edrus, bact\u00e9rias, protozo\u00e1rios, algas unicelulares, fungos e outros.<\/li>\n<\/ul>\n<h2>Utilidade e Benef\u00edcios:<\/h2>\n<ul>\n<li>Apropriado para Resid\u00eancias, Empresas, Restaurantes, Creches, Clinicas, Sal\u00f5es de Beleza, Lavandarias, Estaleiros, Escolas entre outras diversas aplica\u00e7\u00f5es;<\/li>\n<li>Previne contra doen\u00e7as provenientes da \u00e1gua como c\u00f3lera, febre tif\u00f3ide, infe\u00e7\u00e3o urin\u00e1ria, hepatite entre outras;<\/li>\n<li>Poupan\u00e7a substancial no consumo de \u00e1gua engarrafada.<\/li>\n<\/ul>\n<h2>Pode pagar at\u00e9 3x por presta\u00e7\u00f5es<\/h2>\n<p>Instala\u00e7\u00e3o gr\u00e1tis para Luanda, Benguela e Cabinda.<\/p>\n<p><strong>OBS: Fique confiante que ap\u00f3s a confirma\u00e7\u00e3o do pedido, nossa equipe ir\u00e1 ligar para agendar o melhor dia para instala\u00e7\u00e3o do produto (Luanda, Benguela e Cabinda).<\/strong><\/p>\n","protected":false},"featured_media":726,"template":"","meta":{"_acf_changed":false},"product_brand":[],"product_cat":[20],"product_tag":[],"class_list":{"0":"post-725","1":"product","2":"type-product","3":"status-publish","4":"has-post-thumbnail","6":"product_cat-sistemas","8":"first","9":"instock","10":"shipping-taxable","11":"product-type-simple"},"acf":[],"yoast_head":"<!-- This site is optimized with the Yoast SEO plugin v25.7 - https:\/\/yoast.com\/wordpress\/plugins\/seo\/ -->\n<title>SISTEMA GP2 - Gota Pura<\/title>\n<meta name=\"robots\" content=\"index, follow, max-snippet:-1, max-image-preview:large, max-video-preview:-1\" \/>\n<link rel=\"canonical\" href=\"https:\/\/gotapura.com\/?product=sistema-gp2\" \/>\n<meta property=\"og:locale\" content=\"pt_BR\" \/>\n<meta property=\"og:type\" content=\"article\" \/>\n<meta property=\"og:title\" content=\"SISTEMA GP2 - Gota Pura\" \/>\n<meta property=\"og:description\" content=\"Especifica\u00e7\u00f5es Gerais Capacidade de filtrar 240 litros\/hora.  Tem 3 est\u00e1gios de filtragem:   1 Filtro de Sedimentos \u2013 remove todas as impurezas contidas na \u00e1gua (areia, argilas, barros..);  1 Filtros de Carva\u0303o Granulado \u2013 actua como desintoxicante e remove da a\u0301gua a cor, os odores, gorduras, o mal gosto;  1 L\u00e2mpada Ultravioleta (UV) \u2013 que elimina micro-organismos patog\u00e9nicos, inclueindo v\u00edrus, bact\u00e9rias, protozo\u00e1rios, algas unicelulares, fungos e outros.  Utilidade e Benef\u00edcios:   Apropriado para Resid\u00eancias, Empresas, Restaurantes, Creches, Clinicas, Sal\u00f5es de Beleza, Lavandarias, Estaleiros, Escolas entre outras diversas aplica\u00e7\u00f5es;  Previne contra doen\u00e7as provenientes da \u00e1gua como c\u00f3lera, febre tif\u00f3ide, infe\u00e7\u00e3o urin\u00e1ria, hepatite entre outras;  Poupan\u00e7a substancial no consumo de \u00e1gua engarrafada.  Pode pagar at\u00e9 3x por presta\u00e7\u00f5es Instala\u00e7\u00e3o gr\u00e1tis para Luanda, Benguela e Cabinda.  OBS: Fique confiante que ap\u00f3s a confirma\u00e7\u00e3o do pedido, nossa equipe ir\u00e1 ligar para agendar o melhor dia para instala\u00e7\u00e3o do produto (Luanda, Benguela e Cabinda).\" \/>\n<meta property=\"og:url\" content=\"https:\/\/gotapura.com\/?product=sistema-gp2\" \/>\n<meta property=\"og:site_name\" content=\"Gota Pura\" \/>\n<meta property=\"article:modified_time\" content=\"2023-05-29T20:05:05+00:00\" \/>\n<meta property=\"og:image\" content=\"https:\/\/gotapura.com\/wp-content\/uploads\/2023\/05\/1.jpeg\" \/>\n\t<meta property=\"og:image:width\" content=\"800\" \/>\n\t<meta property=\"og:image:height\" content=\"800\" \/>\n\t<meta property=\"og:image:type\" content=\"image\/jpeg\" \/>\n<meta name=\"twitter:card\" content=\"summary_large_image\" \/>\n<script type=\"application\/ld+json\" class=\"yoast-schema-graph\">{\"@context\":\"https:\/\/schema.org\",\"@graph\":[{\"@type\":\"WebPage\",\"@id\":\"https:\/\/gotapura.com\/?product=sistema-gp2\",\"url\":\"https:\/\/gotapura.com\/?product=sistema-gp2\",\"name\":\"SISTEMA GP2 - Gota Pura\",\"isPartOf\":{\"@id\":\"https:\/\/gotapura.com\/#website\"},\"primaryImageOfPage\":{\"@id\":\"https:\/\/gotapura.com\/?product=sistema-gp2#primaryimage\"},\"image\":{\"@id\":\"https:\/\/gotapura.com\/?product=sistema-gp2#primaryimage\"},\"thumbnailUrl\":\"https:\/\/gotapura.com\/wp-content\/uploads\/2023\/05\/1.jpeg\",\"datePublished\":\"2023-05-29T20:05:04+00:00\",\"dateModified\":\"2023-05-29T20:05:05+00:00\",\"breadcrumb\":{\"@id\":\"https:\/\/gotapura.com\/?product=sistema-gp2#breadcrumb\"},\"inLanguage\":\"pt-BR\",\"potentialAction\":[{\"@type\":\"ReadAction\",\"target\":[\"https:\/\/gotapura.com\/?product=sistema-gp2\"]}]},{\"@type\":\"ImageObject\",\"inLanguage\":\"pt-BR\",\"@id\":\"https:\/\/gotapura.com\/?product=sistema-gp2#primaryimage\",\"url\":\"https:\/\/gotapura.com\/wp-content\/uploads\/2023\/05\/1.jpeg\",\"contentUrl\":\"https:\/\/gotapura.com\/wp-content\/uploads\/2023\/05\/1.jpeg\",\"width\":800,\"height\":800},{\"@type\":\"BreadcrumbList\",\"@id\":\"https:\/\/gotapura.com\/?product=sistema-gp2#breadcrumb\",\"itemListElement\":[{\"@type\":\"ListItem\",\"position\":1,\"name\":\"In\u00edcio\",\"item\":\"https:\/\/gotapura.com\/\"},{\"@type\":\"ListItem\",\"position\":2,\"name\":\"Loja\",\"item\":\"https:\/\/gotapura.com\/?page_id=312\"},{\"@type\":\"ListItem\",\"position\":3,\"name\":\"SISTEMA GP2\"}]},{\"@type\":\"WebSite\",\"@id\":\"https:\/\/gotapura.com\/#website\",\"url\":\"https:\/\/gotapura.com\/\",\"name\":\"Gota Pura\",\"description\":\"Filtros de \u00c1gua em Angola - Entrega e Instala\u00e7\u00e3o Gratuita\",\"publisher\":{\"@id\":\"https:\/\/gotapura.com\/#organization\"},\"potentialAction\":[{\"@type\":\"SearchAction\",\"target\":{\"@type\":\"EntryPoint\",\"urlTemplate\":\"https:\/\/gotapura.com\/?s={search_term_string}\"},\"query-input\":{\"@type\":\"PropertyValueSpecification\",\"valueRequired\":true,\"valueName\":\"search_term_string\"}}],\"inLanguage\":\"pt-BR\"},{\"@type\":\"Organization\",\"@id\":\"https:\/\/gotapura.com\/#organization\",\"name\":\"Gota Pura\",\"url\":\"https:\/\/gotapura.com\/\",\"logo\":{\"@type\":\"ImageObject\",\"inLanguage\":\"pt-BR\",\"@id\":\"https:\/\/gotapura.com\/#\/schema\/logo\/image\/\",\"url\":\"https:\/\/gotapura.com\/wp-content\/uploads\/2023\/05\/gota.png\",\"contentUrl\":\"https:\/\/gotapura.com\/wp-content\/uploads\/2023\/05\/gota.png\",\"width\":100,\"height\":100,\"caption\":\"Gota Pura\"},\"image\":{\"@id\":\"https:\/\/gotapura.com\/#\/schema\/logo\/image\/\"}}]}<\/script>\n<!-- \/ Yoast SEO plugin. -->","yoast_head_json":{"title":"SISTEMA GP2 - Gota Pura","robots":{"index":"index","follow":"follow","max-snippet":"max-snippet:-1","max-image-preview":"max-image-preview:large","max-video-preview":"max-video-preview:-1"},"canonical":"https:\/\/gotapura.com\/?product=sistema-gp2","og_locale":"pt_BR","og_type":"article","og_title":"SISTEMA GP2 - Gota Pura","og_description":"Especifica\u00e7\u00f5es Gerais Capacidade de filtrar 240 litros\/hora.  Tem 3 est\u00e1gios de filtragem:   1 Filtro de Sedimentos \u2013 remove todas as impurezas contidas na \u00e1gua (areia, argilas, barros..);  1 Filtros de Carva\u0303o Granulado \u2013 actua como desintoxicante e remove da a\u0301gua a cor, os odores, gorduras, o mal gosto;  1 L\u00e2mpada Ultravioleta (UV) \u2013 que elimina micro-organismos patog\u00e9nicos, inclueindo v\u00edrus, bact\u00e9rias, protozo\u00e1rios, algas unicelulares, fungos e outros.  Utilidade e Benef\u00edcios:   Apropriado para Resid\u00eancias, Empresas, Restaurantes, Creches, Clinicas, Sal\u00f5es de Beleza, Lavandarias, Estaleiros, Escolas entre outras diversas aplica\u00e7\u00f5es;  Previne contra doen\u00e7as provenientes da \u00e1gua como c\u00f3lera, febre tif\u00f3ide, infe\u00e7\u00e3o urin\u00e1ria, hepatite entre outras;  Poupan\u00e7a substancial no consumo de \u00e1gua engarrafada.  Pode pagar at\u00e9 3x por presta\u00e7\u00f5es Instala\u00e7\u00e3o gr\u00e1tis para Luanda, Benguela e Cabinda.  OBS: Fique confiante que ap\u00f3s a confirma\u00e7\u00e3o do pedido, nossa equipe ir\u00e1 ligar para agendar o melhor dia para instala\u00e7\u00e3o do produto (Luanda, Benguela e Cabinda).","og_url":"https:\/\/gotapura.com\/?product=sistema-gp2","og_site_name":"Gota Pura","article_modified_time":"2023-05-29T20:05:05+00:00","og_image":[{"width":800,"height":800,"url":"https:\/\/gotapura.com\/wp-content\/uploads\/2023\/05\/1.jpeg","type":"image\/jpeg"}],"twitter_card":"summary_large_image","schema":{"@context":"https:\/\/schema.org","@graph":[{"@type":"WebPage","@id":"https:\/\/gotapura.com\/?product=sistema-gp2","url":"https:\/\/gotapura.com\/?product=sistema-gp2","name":"SISTEMA GP2 - Gota Pura","isPartOf":{"@id":"https:\/\/gotapura.com\/#website"},"primaryImageOfPage":{"@id":"https:\/\/gotapura.com\/?product=sistema-gp2#primaryimage"},"image":{"@id":"https:\/\/gotapura.com\/?product=sistema-gp2#primaryimage"},"thumbnailUrl":"https:\/\/gotapura.com\/wp-content\/uploads\/2023\/05\/1.jpeg","datePublished":"2023-05-29T20:05:04+00:00","dateModified":"2023-05-29T20:05:05+00:00","breadcrumb":{"@id":"https:\/\/gotapura.com\/?product=sistema-gp2#breadcrumb"},"inLanguage":"pt-BR","potentialAction":[{"@type":"ReadAction","target":["https:\/\/gotapura.com\/?product=sistema-gp2"]}]},{"@type":"ImageObject","inLanguage":"pt-BR","@id":"https:\/\/gotapura.com\/?product=sistema-gp2#primaryimage","url":"https:\/\/gotapura.com\/wp-content\/uploads\/2023\/05\/1.jpeg","contentUrl":"https:\/\/gotapura.com\/wp-content\/uploads\/2023\/05\/1.jpeg","width":800,"height":800},{"@type":"BreadcrumbList","@id":"https:\/\/gotapura.com\/?product=sistema-gp2#breadcrumb","itemListElement":[{"@type":"ListItem","position":1,"name":"In\u00edcio","item":"https:\/\/gotapura.com\/"},{"@type":"ListItem","position":2,"name":"Loja","item":"https:\/\/gotapura.com\/?page_id=312"},{"@type":"ListItem","position":3,"name":"SISTEMA GP2"}]},{"@type":"WebSite","@id":"https:\/\/gotapura.com\/#website","url":"https:\/\/gotapura.com\/","name":"Gota Pura","description":"Filtros de \u00c1gua em Angola - Entrega e Instala\u00e7\u00e3o Gratuita","publisher":{"@id":"https:\/\/gotapura.com\/#organization"},"potentialAction":[{"@type":"SearchAction","target":{"@type":"EntryPoint","urlTemplate":"https:\/\/gotapura.com\/?s={search_term_string}"},"query-input":{"@type":"PropertyValueSpecification","valueRequired":true,"valueName":"search_term_string"}}],"inLanguage":"pt-BR"},{"@type":"Organization","@id":"https:\/\/gotapura.com\/#organization","name":"Gota Pura","url":"https:\/\/gotapura.com\/","logo":{"@type":"ImageObject","inLanguage":"pt-BR","@id":"https:\/\/gotapura.com\/#\/schema\/logo\/image\/","url":"https:\/\/gotapura.com\/wp-content\/uploads\/2023\/05\/gota.png","contentUrl":"https:\/\/gotapura.com\/wp-content\/uploads\/2023\/05\/gota.png","width":100,"height":100,"caption":"Gota Pura"},"image":{"@id":"https:\/\/gotapura.com\/#\/schema\/logo\/image\/"}}]}},"_links":{"self":[{"href":"https:\/\/gotapura.com\/index.php?rest_route=\/wp\/v2\/product\/725","targetHints":{"allow":["GET"]}}],"collection":[{"href":"https:\/\/gotapura.com\/index.php?rest_route=\/wp\/v2\/product"}],"about":[{"href":"https:\/\/gotapura.com\/index.php?rest_route=\/wp\/v2\/types\/product"}],"version-history":[{"count":0,"href":"https:\/\/gotapura.com\/index.php?rest_route=\/wp\/v2\/product\/725\/revisions"}],"wp:featuredmedia":[{"embeddable":true,"href":"https:\/\/gotapura.com\/index.php?rest_route=\/wp\/v2\/media\/726"}],"wp:attachment":[{"href":"https:\/\/gotapura.com\/index.php?rest_route=%2Fwp%2Fv2%2Fmedia&parent=725"}],"wp:term":[{"taxonomy":"product_brand","embeddable":true,"href":"https:\/\/gotapura.com\/index.php?rest_route=%2Fwp%2Fv2%2Fproduct_brand&post=725"},{"taxonomy":"product_cat","embeddable":true,"href":"https:\/\/gotapura.com\/index.php?rest_route=%2Fwp%2Fv2%2Fproduct_cat&post=725"},{"taxonomy":"product_tag","embeddable":true,"href":"https:\/\/gotapura.com\/index.php?rest_route=%2Fwp%2Fv2%2Fproduct_tag&post=725"}],"curies":[{"name":"wp","href":"https:\/\/api.w.org\/{rel}","templated":true}]}}