{"id":1313,"date":"2023-07-14T07:03:06","date_gmt":"2023-07-14T10:03:06","guid":{"rendered":"https:\/\/gotapura.com\/?post_type=product&#038;p=1313"},"modified":"2024-07-17T11:57:32","modified_gmt":"2024-07-17T14:57:32","slug":"gp2-uv-copia","status":"publish","type":"product","link":"https:\/\/gotapura.com\/?product=gp2-uv-copia","title":{"rendered":"GP2-UV (c\u00f3pia)"},"content":{"rendered":"<h2>Especifica\u00e7\u00f5es Gerais<\/h2>\n<p>Tem 3 est\u00e1gios de tratamento e purificac\u0327a\u0303o de a\u0301gua:<\/p>\n<div class=\"page\" title=\"Page 1\">\n<div class=\"section\">\n<div class=\"layoutArea\">\n<div class=\"column\">\n<div class=\"page\" title=\"Page 1\">\n<div class=\"section\">\n<div class=\"layoutArea\">\n<div class=\"column\">\n<div class=\"page\" title=\"Page 1\">\n<div class=\"section\">\n<div class=\"layoutArea\">\n<div class=\"column\">\n<div class=\"page\" title=\"Page 1\">\n<div class=\"layoutArea\">\n<div class=\"column\">\n<ul>\n<li>1 Esta\u0301gios de Filtragem<\/li>\n<li>1 Filtros de Sedimento<\/li>\n<li>1 Filtro de Carva\u0303o Ativado<\/li>\n<li>1 Camara de Ultra Violeta (elimina vi\u0301rus e bacte\u0301rias)<\/li>\n<\/ul>\n<\/div>\n<\/div>\n<\/div>\n<\/div>\n<\/div>\n<\/div>\n<\/div>\n<\/div>\n<\/div>\n<\/div>\n<\/div>\n<\/div>\n<\/div>\n<\/div>\n<\/div>\n<h2><\/h2>\n<h2>Utilidade e Benef\u00edcios:<\/h2>\n<ul>\n<li>Apropriado para Cozinhas de todo o tipo de Resid\u00eancias, Empresas, Restaurantes, Creches, Clinicas, Sal\u00f5es de Beleza, Lavandarias, Estaleiros, Escolas entre outras diversas aplica\u00e7\u00f5es;<\/li>\n<li>Previne contra doen\u00e7as provenientes da \u00e1gua como c\u00f3lera, febre tif\u00f3ide, infe\u00e7\u00e3o urin\u00e1ria, hepatite entre outras;<\/li>\n<li>Poupan\u00e7a substancial no consumo de \u00e1gua engarrafada.<\/li>\n<\/ul>\n<h2><\/h2>\n<p>Instala\u00e7\u00e3o gr\u00e1tis para Luanda, Benguela e Cabinda.<\/p>\n<p><strong>OBS: Fique confiante que ap\u00f3s a confirma\u00e7\u00e3o do pedido, nossa equipe ir\u00e1 ligar para agendar o melhor dia para instala\u00e7\u00e3o do produto (Luanda, Benguela e Cabinda).<\/strong><\/p>\n","protected":false},"excerpt":{"rendered":"<div class=\"elementor-element elementor-element-3f4fa9c elementor-widget elementor-widget-heading\" data-id=\"3f4fa9c\" data-element_type=\"widget\" data-settings=\"{&quot;ekit_we_effect_on&quot;:&quot;none&quot;}\" data-widget_type=\"heading.default\">\n<div class=\"elementor-widget-container\">\n<ul>\n<li>1 Esta\u0301gios de Filtragem<\/li>\n<li>1 Filtros de Sedimento<\/li>\n<li>1 Filtro de Carva\u0303o Ativado<\/li>\n<li>1 Camara de Ultra Violeta (elimina vi\u0301rus e bacte\u0301rias)<\/li>\n<\/ul>\n<\/div>\n<\/div>\n","protected":false},"featured_media":2157,"template":"","meta":{"_acf_changed":false},"product_brand":[],"product_cat":[23,29,28],"product_tag":[],"class_list":{"0":"post-1313","1":"product","2":"type-product","3":"status-publish","4":"has-post-thumbnail","6":"product_cat-equipamentos-residenciais","7":"product_cat-ponto-de-uso","8":"product_cat-tratamento-geral","10":"first","11":"instock","12":"featured","13":"shipping-taxable","14":"purchasable","15":"product-type-simple"},"acf":[],"yoast_head":"<!-- This site is optimized with the Yoast SEO plugin v25.7 - https:\/\/yoast.com\/wordpress\/plugins\/seo\/ -->\n<title>GP2-UV (c\u00f3pia) - Gota Pura<\/title>\n<meta name=\"robots\" content=\"index, follow, max-snippet:-1, max-image-preview:large, max-video-preview:-1\" \/>\n<link rel=\"canonical\" href=\"https:\/\/gotapura.com\/?product=gp2-uv-copia\" \/>\n<meta property=\"og:locale\" content=\"pt_BR\" \/>\n<meta property=\"og:type\" content=\"article\" \/>\n<meta property=\"og:title\" content=\"GP2-UV (c\u00f3pia) - Gota Pura\" \/>\n<meta property=\"og:description\" content=\"1 Esta\u0301gios de Filtragem  1 Filtros de Sedimento  1 Filtro de Carva\u0303o Ativado  1 Camara de Ultra Violeta (elimina vi\u0301rus e bacte\u0301rias)\" \/>\n<meta property=\"og:url\" content=\"https:\/\/gotapura.com\/?product=gp2-uv-copia\" \/>\n<meta property=\"og:site_name\" content=\"Gota Pura\" \/>\n<meta property=\"article:modified_time\" content=\"2024-07-17T14:57:32+00:00\" \/>\n<meta property=\"og:image\" content=\"https:\/\/gotapura.com\/wp-content\/uploads\/2023\/07\/GP2-removebg-preview.png\" \/>\n\t<meta property=\"og:image:width\" content=\"500\" \/>\n\t<meta property=\"og:image:height\" content=\"500\" \/>\n\t<meta property=\"og:image:type\" content=\"image\/png\" \/>\n<meta name=\"twitter:card\" content=\"summary_large_image\" \/>\n<meta name=\"twitter:label1\" content=\"Est. tempo de leitura\" \/>\n\t<meta name=\"twitter:data1\" content=\"1 minuto\" \/>\n<script type=\"application\/ld+json\" class=\"yoast-schema-graph\">{\"@context\":\"https:\/\/schema.org\",\"@graph\":[{\"@type\":\"WebPage\",\"@id\":\"https:\/\/gotapura.com\/?product=gp2-uv-copia\",\"url\":\"https:\/\/gotapura.com\/?product=gp2-uv-copia\",\"name\":\"GP2-UV (c\u00f3pia) - Gota Pura\",\"isPartOf\":{\"@id\":\"https:\/\/gotapura.com\/#website\"},\"primaryImageOfPage\":{\"@id\":\"https:\/\/gotapura.com\/?product=gp2-uv-copia#primaryimage\"},\"image\":{\"@id\":\"https:\/\/gotapura.com\/?product=gp2-uv-copia#primaryimage\"},\"thumbnailUrl\":\"https:\/\/gotapura.com\/wp-content\/uploads\/2023\/07\/GP2-removebg-preview.png\",\"datePublished\":\"2023-07-14T10:03:06+00:00\",\"dateModified\":\"2024-07-17T14:57:32+00:00\",\"breadcrumb\":{\"@id\":\"https:\/\/gotapura.com\/?product=gp2-uv-copia#breadcrumb\"},\"inLanguage\":\"pt-BR\",\"potentialAction\":[{\"@type\":\"ReadAction\",\"target\":[\"https:\/\/gotapura.com\/?product=gp2-uv-copia\"]}]},{\"@type\":\"ImageObject\",\"inLanguage\":\"pt-BR\",\"@id\":\"https:\/\/gotapura.com\/?product=gp2-uv-copia#primaryimage\",\"url\":\"https:\/\/gotapura.com\/wp-content\/uploads\/2023\/07\/GP2-removebg-preview.png\",\"contentUrl\":\"https:\/\/gotapura.com\/wp-content\/uploads\/2023\/07\/GP2-removebg-preview.png\",\"width\":500,\"height\":500},{\"@type\":\"BreadcrumbList\",\"@id\":\"https:\/\/gotapura.com\/?product=gp2-uv-copia#breadcrumb\",\"itemListElement\":[{\"@type\":\"ListItem\",\"position\":1,\"name\":\"In\u00edcio\",\"item\":\"https:\/\/gotapura.com\/\"},{\"@type\":\"ListItem\",\"position\":2,\"name\":\"Loja\",\"item\":\"https:\/\/gotapura.com\/?page_id=312\"},{\"@type\":\"ListItem\",\"position\":3,\"name\":\"GP2-UV (c\u00f3pia)\"}]},{\"@type\":\"WebSite\",\"@id\":\"https:\/\/gotapura.com\/#website\",\"url\":\"https:\/\/gotapura.com\/\",\"name\":\"Gota Pura\",\"description\":\"Filtros de \u00c1gua em Angola - Entrega e Instala\u00e7\u00e3o Gratuita\",\"publisher\":{\"@id\":\"https:\/\/gotapura.com\/#organization\"},\"potentialAction\":[{\"@type\":\"SearchAction\",\"target\":{\"@type\":\"EntryPoint\",\"urlTemplate\":\"https:\/\/gotapura.com\/?s={search_term_string}\"},\"query-input\":{\"@type\":\"PropertyValueSpecification\",\"valueRequired\":true,\"valueName\":\"search_term_string\"}}],\"inLanguage\":\"pt-BR\"},{\"@type\":\"Organization\",\"@id\":\"https:\/\/gotapura.com\/#organization\",\"name\":\"Gota Pura\",\"url\":\"https:\/\/gotapura.com\/\",\"logo\":{\"@type\":\"ImageObject\",\"inLanguage\":\"pt-BR\",\"@id\":\"https:\/\/gotapura.com\/#\/schema\/logo\/image\/\",\"url\":\"https:\/\/gotapura.com\/wp-content\/uploads\/2023\/05\/gota.png\",\"contentUrl\":\"https:\/\/gotapura.com\/wp-content\/uploads\/2023\/05\/gota.png\",\"width\":100,\"height\":100,\"caption\":\"Gota Pura\"},\"image\":{\"@id\":\"https:\/\/gotapura.com\/#\/schema\/logo\/image\/\"}}]}<\/script>\n<!-- \/ Yoast SEO plugin. -->","yoast_head_json":{"title":"GP2-UV (c\u00f3pia) - Gota Pura","robots":{"index":"index","follow":"follow","max-snippet":"max-snippet:-1","max-image-preview":"max-image-preview:large","max-video-preview":"max-video-preview:-1"},"canonical":"https:\/\/gotapura.com\/?product=gp2-uv-copia","og_locale":"pt_BR","og_type":"article","og_title":"GP2-UV (c\u00f3pia) - Gota Pura","og_description":"1 Esta\u0301gios de Filtragem  1 Filtros de Sedimento  1 Filtro de Carva\u0303o Ativado  1 Camara de Ultra Violeta (elimina vi\u0301rus e bacte\u0301rias)","og_url":"https:\/\/gotapura.com\/?product=gp2-uv-copia","og_site_name":"Gota Pura","article_modified_time":"2024-07-17T14:57:32+00:00","og_image":[{"width":500,"height":500,"url":"https:\/\/gotapura.com\/wp-content\/uploads\/2023\/07\/GP2-removebg-preview.png","type":"image\/png"}],"twitter_card":"summary_large_image","twitter_misc":{"Est. tempo de leitura":"1 minuto"},"schema":{"@context":"https:\/\/schema.org","@graph":[{"@type":"WebPage","@id":"https:\/\/gotapura.com\/?product=gp2-uv-copia","url":"https:\/\/gotapura.com\/?product=gp2-uv-copia","name":"GP2-UV (c\u00f3pia) - Gota Pura","isPartOf":{"@id":"https:\/\/gotapura.com\/#website"},"primaryImageOfPage":{"@id":"https:\/\/gotapura.com\/?product=gp2-uv-copia#primaryimage"},"image":{"@id":"https:\/\/gotapura.com\/?product=gp2-uv-copia#primaryimage"},"thumbnailUrl":"https:\/\/gotapura.com\/wp-content\/uploads\/2023\/07\/GP2-removebg-preview.png","datePublished":"2023-07-14T10:03:06+00:00","dateModified":"2024-07-17T14:57:32+00:00","breadcrumb":{"@id":"https:\/\/gotapura.com\/?product=gp2-uv-copia#breadcrumb"},"inLanguage":"pt-BR","potentialAction":[{"@type":"ReadAction","target":["https:\/\/gotapura.com\/?product=gp2-uv-copia"]}]},{"@type":"ImageObject","inLanguage":"pt-BR","@id":"https:\/\/gotapura.com\/?product=gp2-uv-copia#primaryimage","url":"https:\/\/gotapura.com\/wp-content\/uploads\/2023\/07\/GP2-removebg-preview.png","contentUrl":"https:\/\/gotapura.com\/wp-content\/uploads\/2023\/07\/GP2-removebg-preview.png","width":500,"height":500},{"@type":"BreadcrumbList","@id":"https:\/\/gotapura.com\/?product=gp2-uv-copia#breadcrumb","itemListElement":[{"@type":"ListItem","position":1,"name":"In\u00edcio","item":"https:\/\/gotapura.com\/"},{"@type":"ListItem","position":2,"name":"Loja","item":"https:\/\/gotapura.com\/?page_id=312"},{"@type":"ListItem","position":3,"name":"GP2-UV (c\u00f3pia)"}]},{"@type":"WebSite","@id":"https:\/\/gotapura.com\/#website","url":"https:\/\/gotapura.com\/","name":"Gota Pura","description":"Filtros de \u00c1gua em Angola - Entrega e Instala\u00e7\u00e3o Gratuita","publisher":{"@id":"https:\/\/gotapura.com\/#organization"},"potentialAction":[{"@type":"SearchAction","target":{"@type":"EntryPoint","urlTemplate":"https:\/\/gotapura.com\/?s={search_term_string}"},"query-input":{"@type":"PropertyValueSpecification","valueRequired":true,"valueName":"search_term_string"}}],"inLanguage":"pt-BR"},{"@type":"Organization","@id":"https:\/\/gotapura.com\/#organization","name":"Gota Pura","url":"https:\/\/gotapura.com\/","logo":{"@type":"ImageObject","inLanguage":"pt-BR","@id":"https:\/\/gotapura.com\/#\/schema\/logo\/image\/","url":"https:\/\/gotapura.com\/wp-content\/uploads\/2023\/05\/gota.png","contentUrl":"https:\/\/gotapura.com\/wp-content\/uploads\/2023\/05\/gota.png","width":100,"height":100,"caption":"Gota Pura"},"image":{"@id":"https:\/\/gotapura.com\/#\/schema\/logo\/image\/"}}]}},"_links":{"self":[{"href":"https:\/\/gotapura.com\/index.php?rest_route=\/wp\/v2\/product\/1313","targetHints":{"allow":["GET"]}}],"collection":[{"href":"https:\/\/gotapura.com\/index.php?rest_route=\/wp\/v2\/product"}],"about":[{"href":"https:\/\/gotapura.com\/index.php?rest_route=\/wp\/v2\/types\/product"}],"version-history":[{"count":0,"href":"https:\/\/gotapura.com\/index.php?rest_route=\/wp\/v2\/product\/1313\/revisions"}],"wp:featuredmedia":[{"embeddable":true,"href":"https:\/\/gotapura.com\/index.php?rest_route=\/wp\/v2\/media\/2157"}],"wp:attachment":[{"href":"https:\/\/gotapura.com\/index.php?rest_route=%2Fwp%2Fv2%2Fmedia&parent=1313"}],"wp:term":[{"taxonomy":"product_brand","embeddable":true,"href":"https:\/\/gotapura.com\/index.php?rest_route=%2Fwp%2Fv2%2Fproduct_brand&post=1313"},{"taxonomy":"product_cat","embeddable":true,"href":"https:\/\/gotapura.com\/index.php?rest_route=%2Fwp%2Fv2%2Fproduct_cat&post=1313"},{"taxonomy":"product_tag","embeddable":true,"href":"https:\/\/gotapura.com\/index.php?rest_route=%2Fwp%2Fv2%2Fproduct_tag&post=1313"}],"curies":[{"name":"wp","href":"https:\/\/api.w.org\/{rel}","templated":true}]}}